{"id":6988,"date":"2021-03-08T16:22:07","date_gmt":"2021-03-08T14:22:07","guid":{"rendered":"https:\/\/boostshop.ee\/?post_type=product&#038;p=6988"},"modified":"2026-04-16T19:55:08","modified_gmt":"2026-04-16T17:55:08","slug":"bmw-m3-e46-alumiinium-radikas-mustade-lodvikutega","status":"publish","type":"product","link":"https:\/\/boostshop.ee\/en\/product\/bmw-m3-e46-alumiinium-radikas-mustade-lodvikutega\/","title":{"rendered":"BMW M3 E46 ALUMINUM RADIATOR WITH BLACK SPRINGS"},"content":{"rendered":"<p>Radika olulised eelised v\u00f5rreldes originaaliga:<br \/>\n&#8211; 17% suurem k\u00e4rje maht, 11736 cm3 vs 10068 cm3<br \/>\n&#8211; Vesi l\u00e4bib radika k\u00e4rge kolm korda<\/p>\n<p>&#8211; sobib k\u00f5igile allolevas loendis olevatele autodele!<br \/>\n&#8211; komplektis on kaasas uued l\u00f5dvikud<\/p>\n<p><img fetchpriority=\"high\" decoding=\"async\" src=\"https:\/\/www.do88.se\/dokument\/bibliotek\/Image\/WC-310-Halvabilden.jpg\" alt=\"\" width=\"800\" height=\"229\" \/><\/p>\n<table width=\"800\" bgcolor=\"#ebf0fe\">\n<tbody>\n<tr>\n<td><strong>Sobib:<\/strong><\/td>\n<td valign=\"TOP\"><strong>BMW M3 E46<br \/>\n<\/strong>Mudelite aastad: 2000-2006<\/td>\n<\/tr>\n<tr>\n<td><strong>OEM viide:<\/strong><\/td>\n<td>17102228941<\/td>\n<\/tr>\n<\/tbody>\n<\/table>","protected":false},"excerpt":{"rendered":"<p>Radika olulised eelised v\u00f5rreldes originaaliga: &#8211; 17% suurem k\u00e4rje maht, 11736 cm3 vs 10068 cm3 &#8211; Vesi l\u00e4bib radika k\u00e4rge kolm korda &#8211; sobib k\u00f5igile allolevas loendis olevatele autodele! &#8211; komplektis on kaasas uued l\u00f5dvikud Sobib: BMW M3 E46 Mudelite aastad: 2000-2006 OEM viide: 17102228941<\/p>","protected":false},"featured_media":6990,"template":"","meta":{"site-sidebar-layout":"default","site-content-layout":"default","ast-site-content-layout":"default","site-content-style":"default","site-sidebar-style":"default","ast-global-header-display":"","ast-banner-title-visibility":"","ast-main-header-display":"","ast-hfb-above-header-display":"","ast-hfb-below-header-display":"","ast-hfb-mobile-header-display":"","site-post-title":"","ast-breadcrumbs-content":"","ast-featured-img":"","footer-sml-layout":"","ast-disable-related-posts":"","theme-transparent-header-meta":"default","adv-header-id-meta":"","stick-header-meta":"default","header-above-stick-meta":"","header-main-stick-meta":"","header-below-stick-meta":"","astra-migrate-meta-layouts":"default","ast-page-background-enabled":"default","ast-page-background-meta":{"desktop":{"background-color":"","background-image":"","background-repeat":"repeat","background-position":"center center","background-size":"auto","background-attachment":"scroll","background-type":"","background-media":"","overlay-type":"","overlay-color":"","overlay-opacity":"","overlay-gradient":""},"tablet":{"background-color":"","background-image":"","background-repeat":"repeat","background-position":"center center","background-size":"auto","background-attachment":"scroll","background-type":"","background-media":"","overlay-type":"","overlay-color":"","overlay-opacity":"","overlay-gradient":""},"mobile":{"background-color":"","background-image":"","background-repeat":"repeat","background-position":"center center","background-size":"auto","background-attachment":"scroll","background-type":"","background-media":"","overlay-type":"","overlay-color":"","overlay-opacity":"","overlay-gradient":""}},"ast-content-background-meta":{"desktop":{"background-color":"var(--ast-global-color-5)","background-image":"","background-repeat":"repeat","background-position":"center center","background-size":"auto","background-attachment":"scroll","background-type":"","background-media":"","overlay-type":"","overlay-color":"","overlay-opacity":"","overlay-gradient":""},"tablet":{"background-color":"var(--ast-global-color-5)","background-image":"","background-repeat":"repeat","background-position":"center center","background-size":"auto","background-attachment":"scroll","background-type":"","background-media":"","overlay-type":"","overlay-color":"","overlay-opacity":"","overlay-gradient":""},"mobile":{"background-color":"var(--ast-global-color-5)","background-image":"","background-repeat":"repeat","background-position":"center center","background-size":"auto","background-attachment":"scroll","background-type":"","background-media":"","overlay-type":"","overlay-color":"","overlay-opacity":"","overlay-gradient":""}}},"product_brand":[],"product_cat":[567,569,564],"product_tag":[1019,992,1030,1002,1027,1007],"class_list":{"0":"post-6988","1":"product","2":"type-product","3":"status-publish","4":"has-post-thumbnail","6":"product_cat-bmw","7":"product_cat-e46","8":"product_cat-soiduki-jargi","9":"product_tag-alumiinium","10":"product_tag-bmw","11":"product_tag-e46","12":"product_tag-lodvikud","13":"product_tag-m3","14":"product_tag-radikas","15":"desktop-align-center","16":"tablet-align-left","17":"mobile-align-left","18":"ast-product-gallery-layout-horizontal-slider","19":"ast-product-tabs-layout-horizontal","21":"first","22":"onbackorder","23":"taxable","24":"shipping-taxable","25":"purchasable","26":"product-type-simple"},"jetpack_sharing_enabled":true,"_links":{"self":[{"href":"https:\/\/boostshop.ee\/en\/wp-json\/wp\/v2\/product\/6988","targetHints":{"allow":["GET"]}}],"collection":[{"href":"https:\/\/boostshop.ee\/en\/wp-json\/wp\/v2\/product"}],"about":[{"href":"https:\/\/boostshop.ee\/en\/wp-json\/wp\/v2\/types\/product"}],"version-history":[{"count":3,"href":"https:\/\/boostshop.ee\/en\/wp-json\/wp\/v2\/product\/6988\/revisions"}],"predecessor-version":[{"id":6993,"href":"https:\/\/boostshop.ee\/en\/wp-json\/wp\/v2\/product\/6988\/revisions\/6993"}],"wp:featuredmedia":[{"embeddable":true,"href":"https:\/\/boostshop.ee\/en\/wp-json\/wp\/v2\/media\/6990"}],"wp:attachment":[{"href":"https:\/\/boostshop.ee\/en\/wp-json\/wp\/v2\/media?parent=6988"}],"wp:term":[{"taxonomy":"product_brand","embeddable":true,"href":"https:\/\/boostshop.ee\/en\/wp-json\/wp\/v2\/product_brand?post=6988"},{"taxonomy":"product_cat","embeddable":true,"href":"https:\/\/boostshop.ee\/en\/wp-json\/wp\/v2\/product_cat?post=6988"},{"taxonomy":"product_tag","embeddable":true,"href":"https:\/\/boostshop.ee\/en\/wp-json\/wp\/v2\/product_tag?post=6988"}],"curies":[{"name":"wp","href":"https:\/\/api.w.org\/{rel}","templated":true}]}}