{"id":6977,"date":"2021-03-08T16:11:22","date_gmt":"2021-03-08T14:11:22","guid":{"rendered":"https:\/\/boostshop.ee\/?post_type=product&#038;p=6977"},"modified":"2026-04-16T20:21:26","modified_gmt":"2026-04-16T18:21:26","slug":"bmw-m3-e46-mootori-oliradikas-racing","status":"publish","type":"product","link":"https:\/\/boostshop.ee\/en\/product\/bmw-m3-e46-mootori-oliradikas-racing\/","title":{"rendered":"BMW M3 E46 ENGINE OIL COOLER RACING"},"content":{"rendered":"<p>Radika olulised eelised v\u00f5rreldes originaaliga:<br \/>\n&#8211; 185 % suurem k\u00e4rje maht, 3276 cm3 vs 1148 cm3.<br \/>\n&#8211; 50 % suurem aktiivne jahutusala, 575 cm2 vs 383 cm2.<br \/>\n&#8211; 79 % suurem \u00f5li maht, 0.70l (0.18gal) vs 0.39l (0.10gal)<br \/>\n&#8211; sobib k\u00f5igile allolevas loendis olevatele autodele!<\/p>\n<p>&nbsp;<\/p>\n<p><img fetchpriority=\"high\" decoding=\"async\" class=\"\" src=\"https:\/\/www.do88.se\/dokument\/bibliotek\/Image\/OC-150-slider.jpg\" alt=\"\" width=\"800\" height=\"321\" \/><\/p>\n<p>&nbsp;<\/p>\n<table width=\"800\" bgcolor=\"#ebf0fe\">\n<tbody>\n<tr>\n<td><strong>Sobib j\u00e4rgnevatele autodele:<\/strong><\/td>\n<td valign=\"TOP\"><strong>BMW 3-Seeria E46<\/strong><br \/>\nMudeli aastad: 2000-2006<br \/>\nMudelid: M3, M3 CLS<\/td>\n<\/tr>\n<tr>\n<td><strong>OEM viide:<\/strong><\/td>\n<td>17212228942<\/td>\n<\/tr>\n<\/tbody>\n<\/table>","protected":false},"excerpt":{"rendered":"<p>Radika olulised eelised v\u00f5rreldes originaaliga: &#8211; 185 % suurem k\u00e4rje maht, 3276 cm3 vs 1148 cm3. &#8211; 50 % suurem aktiivne jahutusala, 575 cm2 vs 383 cm2. &#8211; 79 % suurem \u00f5li maht, 0.70l (0.18gal) vs 0.39l (0.10gal) &#8211; sobib k\u00f5igile allolevas loendis olevatele autodele! &nbsp; &nbsp; Sobib j\u00e4rgnevatele autodele: BMW 3-Seeria E46 Mudeli aastad: [&hellip;]<\/p>\n","protected":false},"featured_media":6984,"template":"","meta":{"site-sidebar-layout":"default","site-content-layout":"default","ast-site-content-layout":"default","site-content-style":"default","site-sidebar-style":"default","ast-global-header-display":"","ast-banner-title-visibility":"","ast-main-header-display":"","ast-hfb-above-header-display":"","ast-hfb-below-header-display":"","ast-hfb-mobile-header-display":"","site-post-title":"","ast-breadcrumbs-content":"","ast-featured-img":"","footer-sml-layout":"","ast-disable-related-posts":"","theme-transparent-header-meta":"default","adv-header-id-meta":"","stick-header-meta":"default","header-above-stick-meta":"","header-main-stick-meta":"","header-below-stick-meta":"","astra-migrate-meta-layouts":"default","ast-page-background-enabled":"default","ast-page-background-meta":{"desktop":{"background-color":"","background-image":"","background-repeat":"repeat","background-position":"center center","background-size":"auto","background-attachment":"scroll","background-type":"","background-media":"","overlay-type":"","overlay-color":"","overlay-opacity":"","overlay-gradient":""},"tablet":{"background-color":"","background-image":"","background-repeat":"repeat","background-position":"center center","background-size":"auto","background-attachment":"scroll","background-type":"","background-media":"","overlay-type":"","overlay-color":"","overlay-opacity":"","overlay-gradient":""},"mobile":{"background-color":"","background-image":"","background-repeat":"repeat","background-position":"center center","background-size":"auto","background-attachment":"scroll","background-type":"","background-media":"","overlay-type":"","overlay-color":"","overlay-opacity":"","overlay-gradient":""}},"ast-content-background-meta":{"desktop":{"background-color":"var(--ast-global-color-5)","background-image":"","background-repeat":"repeat","background-position":"center center","background-size":"auto","background-attachment":"scroll","background-type":"","background-media":"","overlay-type":"","overlay-color":"","overlay-opacity":"","overlay-gradient":""},"tablet":{"background-color":"var(--ast-global-color-5)","background-image":"","background-repeat":"repeat","background-position":"center center","background-size":"auto","background-attachment":"scroll","background-type":"","background-media":"","overlay-type":"","overlay-color":"","overlay-opacity":"","overlay-gradient":""},"mobile":{"background-color":"var(--ast-global-color-5)","background-image":"","background-repeat":"repeat","background-position":"center center","background-size":"auto","background-attachment":"scroll","background-type":"","background-media":"","overlay-type":"","overlay-color":"","overlay-opacity":"","overlay-gradient":""}}},"product_brand":[],"product_cat":[567,569,564],"product_tag":[992,1030,1027,1029,1031],"class_list":{"0":"post-6977","1":"product","2":"type-product","3":"status-publish","4":"has-post-thumbnail","6":"product_cat-bmw","7":"product_cat-e46","8":"product_cat-soiduki-jargi","9":"product_tag-bmw","10":"product_tag-e46","11":"product_tag-m3","12":"product_tag-oliradikas","13":"product_tag-racing","14":"desktop-align-center","15":"tablet-align-left","16":"mobile-align-left","17":"ast-product-gallery-layout-horizontal-slider","18":"ast-product-tabs-layout-horizontal","20":"first","21":"onbackorder","22":"taxable","23":"shipping-taxable","24":"purchasable","25":"product-type-simple"},"jetpack_sharing_enabled":true,"_links":{"self":[{"href":"https:\/\/boostshop.ee\/en\/wp-json\/wp\/v2\/product\/6977","targetHints":{"allow":["GET"]}}],"collection":[{"href":"https:\/\/boostshop.ee\/en\/wp-json\/wp\/v2\/product"}],"about":[{"href":"https:\/\/boostshop.ee\/en\/wp-json\/wp\/v2\/types\/product"}],"version-history":[{"count":3,"href":"https:\/\/boostshop.ee\/en\/wp-json\/wp\/v2\/product\/6977\/revisions"}],"predecessor-version":[{"id":6987,"href":"https:\/\/boostshop.ee\/en\/wp-json\/wp\/v2\/product\/6977\/revisions\/6987"}],"wp:featuredmedia":[{"embeddable":true,"href":"https:\/\/boostshop.ee\/en\/wp-json\/wp\/v2\/media\/6984"}],"wp:attachment":[{"href":"https:\/\/boostshop.ee\/en\/wp-json\/wp\/v2\/media?parent=6977"}],"wp:term":[{"taxonomy":"product_brand","embeddable":true,"href":"https:\/\/boostshop.ee\/en\/wp-json\/wp\/v2\/product_brand?post=6977"},{"taxonomy":"product_cat","embeddable":true,"href":"https:\/\/boostshop.ee\/en\/wp-json\/wp\/v2\/product_cat?post=6977"},{"taxonomy":"product_tag","embeddable":true,"href":"https:\/\/boostshop.ee\/en\/wp-json\/wp\/v2\/product_tag?post=6977"}],"curies":[{"name":"wp","href":"https:\/\/api.w.org\/{rel}","templated":true}]}}