{"id":6967,"date":"2021-02-20T15:40:34","date_gmt":"2021-02-20T13:40:34","guid":{"rendered":"https:\/\/boostshop.ee\/?post_type=product&#038;p=6967"},"modified":"2026-04-16T20:21:26","modified_gmt":"2026-04-16T18:21:26","slug":"bmw-m3-e90-e92-power-roolivoimu-oliradikas-racing","status":"publish","type":"product","link":"https:\/\/boostshop.ee\/en\/product\/bmw-m3-e90-e92-power-roolivoimu-oliradikas-racing\/","title":{"rendered":"BMW M3 E90 E92 POWER STEERING OIL COOLER RACING"},"content":{"rendered":"<p>Radika olulised eelised v\u00f5rreldes originaaliga:<br \/>\n&#8211; 261 % suurem k\u00e4rje maht, 1562 cm3 vs 432 cm3.<br \/>\n&#8211; 100 % suurem aktiivne jahutusala, 578,5 cm2 vs 288 cm2.<br \/>\n&#8211; 100 % suurem \u00f5li maht, 200 ml vs 100 ml.<br \/>\n&#8211; sobib k\u00f5igile allolevas loendis olevatele autodele!<\/p>\n<p><img decoding=\"async\" src=\"https:\/\/www.do88.se\/dokument\/bibliotek\/Image\/OC-120-Slider.jpg\" \/><\/p>\n<table width=\"800\" bgcolor=\"#ebf0fe\">\n<tbody>\n<tr>\n<td><strong>Sobib:<\/strong><\/td>\n<td valign=\"TOP\"><strong>BMW M3 E90 \/ E92 \/ E93<\/strong><br \/>\nMudeli aastad: 2007-2013<br \/>\nMootor: S65B40 , S65B44<br \/>\nK\u00e4igukast: DKG \/ DCT ja manuaal<\/td>\n<\/tr>\n<tr>\n<td><strong>OEM viide:<\/strong><\/td>\n<td>1711752211908<\/td>\n<\/tr>\n<\/tbody>\n<\/table>","protected":false},"excerpt":{"rendered":"<p>Radika olulised eelised v\u00f5rreldes originaaliga: &#8211; 261 % suurem k\u00e4rje maht, 1562 cm3 vs 432 cm3. &#8211; 100 % suurem aktiivne jahutusala, 578,5 cm2 vs 288 cm2. &#8211; 100 % suurem \u00f5li maht, 200 ml vs 100 ml. &#8211; sobib k\u00f5igile allolevas loendis olevatele autodele! Sobib: BMW M3 E90 \/ E92 \/ E93 Mudeli aastad: [&hellip;]<\/p>\n","protected":false},"featured_media":6971,"template":"","meta":{"site-sidebar-layout":"default","site-content-layout":"default","ast-site-content-layout":"default","site-content-style":"default","site-sidebar-style":"default","ast-global-header-display":"","ast-banner-title-visibility":"","ast-main-header-display":"","ast-hfb-above-header-display":"","ast-hfb-below-header-display":"","ast-hfb-mobile-header-display":"","site-post-title":"","ast-breadcrumbs-content":"","ast-featured-img":"","footer-sml-layout":"","ast-disable-related-posts":"","theme-transparent-header-meta":"default","adv-header-id-meta":"","stick-header-meta":"default","header-above-stick-meta":"","header-main-stick-meta":"","header-below-stick-meta":"","astra-migrate-meta-layouts":"default","ast-page-background-enabled":"default","ast-page-background-meta":{"desktop":{"background-color":"","background-image":"","background-repeat":"repeat","background-position":"center center","background-size":"auto","background-attachment":"scroll","background-type":"","background-media":"","overlay-type":"","overlay-color":"","overlay-opacity":"","overlay-gradient":""},"tablet":{"background-color":"","background-image":"","background-repeat":"repeat","background-position":"center center","background-size":"auto","background-attachment":"scroll","background-type":"","background-media":"","overlay-type":"","overlay-color":"","overlay-opacity":"","overlay-gradient":""},"mobile":{"background-color":"","background-image":"","background-repeat":"repeat","background-position":"center center","background-size":"auto","background-attachment":"scroll","background-type":"","background-media":"","overlay-type":"","overlay-color":"","overlay-opacity":"","overlay-gradient":""}},"ast-content-background-meta":{"desktop":{"background-color":"var(--ast-global-color-5)","background-image":"","background-repeat":"repeat","background-position":"center center","background-size":"auto","background-attachment":"scroll","background-type":"","background-media":"","overlay-type":"","overlay-color":"","overlay-opacity":"","overlay-gradient":""},"tablet":{"background-color":"var(--ast-global-color-5)","background-image":"","background-repeat":"repeat","background-position":"center center","background-size":"auto","background-attachment":"scroll","background-type":"","background-media":"","overlay-type":"","overlay-color":"","overlay-opacity":"","overlay-gradient":""},"mobile":{"background-color":"var(--ast-global-color-5)","background-image":"","background-repeat":"repeat","background-position":"center center","background-size":"auto","background-attachment":"scroll","background-type":"","background-media":"","overlay-type":"","overlay-color":"","overlay-opacity":"","overlay-gradient":""}}},"product_brand":[],"product_cat":[567,570,564],"product_tag":[992,1059,1058,1027,1068,1007,1067],"class_list":{"0":"post-6967","1":"product","2":"type-product","3":"status-publish","4":"has-post-thumbnail","6":"product_cat-bmw","7":"product_cat-e90-m3","8":"product_cat-soiduki-jargi","9":"product_tag-bmw","10":"product_tag-e90","11":"product_tag-e92","12":"product_tag-m3","13":"product_tag-power","14":"product_tag-radikas","15":"product_tag-roolivoimu","16":"desktop-align-center","17":"tablet-align-left","18":"mobile-align-left","19":"ast-product-gallery-layout-horizontal-slider","20":"ast-product-tabs-layout-horizontal","22":"first","23":"onbackorder","24":"taxable","25":"shipping-taxable","26":"purchasable","27":"product-type-simple"},"jetpack_sharing_enabled":true,"_links":{"self":[{"href":"https:\/\/boostshop.ee\/en\/wp-json\/wp\/v2\/product\/6967","targetHints":{"allow":["GET"]}}],"collection":[{"href":"https:\/\/boostshop.ee\/en\/wp-json\/wp\/v2\/product"}],"about":[{"href":"https:\/\/boostshop.ee\/en\/wp-json\/wp\/v2\/types\/product"}],"version-history":[{"count":3,"href":"https:\/\/boostshop.ee\/en\/wp-json\/wp\/v2\/product\/6967\/revisions"}],"predecessor-version":[{"id":6974,"href":"https:\/\/boostshop.ee\/en\/wp-json\/wp\/v2\/product\/6967\/revisions\/6974"}],"wp:featuredmedia":[{"embeddable":true,"href":"https:\/\/boostshop.ee\/en\/wp-json\/wp\/v2\/media\/6971"}],"wp:attachment":[{"href":"https:\/\/boostshop.ee\/en\/wp-json\/wp\/v2\/media?parent=6967"}],"wp:term":[{"taxonomy":"product_brand","embeddable":true,"href":"https:\/\/boostshop.ee\/en\/wp-json\/wp\/v2\/product_brand?post=6967"},{"taxonomy":"product_cat","embeddable":true,"href":"https:\/\/boostshop.ee\/en\/wp-json\/wp\/v2\/product_cat?post=6967"},{"taxonomy":"product_tag","embeddable":true,"href":"https:\/\/boostshop.ee\/en\/wp-json\/wp\/v2\/product_tag?post=6967"}],"curies":[{"name":"wp","href":"https:\/\/api.w.org\/{rel}","templated":true}]}}