{"id":6957,"date":"2021-02-20T15:31:02","date_gmt":"2021-02-20T13:31:02","guid":{"rendered":"https:\/\/boostshop.ee\/?post_type=product&#038;p=6957"},"modified":"2026-04-16T20:21:59","modified_gmt":"2026-04-16T18:21:59","slug":"bmw-m3-e90-e92-alumiinum-radikas","status":"publish","type":"product","link":"https:\/\/boostshop.ee\/en\/product\/bmw-m3-e90-e92-alumiinum-radikas\/","title":{"rendered":"BMW M3 E90 E92 ALUMINIUM RADIATOR"},"content":{"rendered":"<p>Radika olulised eelised v\u00f5rreldes originaaliga:<br \/>\n&#8211; 14% suurem k\u00e4rje maht, 11193 cm3 vs 9795 cm3<br \/>\n&#8211; 8% madalam jahutusvedeliku temperatuur p\u00e4rast radiaatorit samades katsetingimustes 73 \u00b0 C vs. 79 \u00b0 C! Vaadake allolevat skeemi!<br \/>\n&#8211; sobib k\u00f5igile allolevas loendis olevatele autodele!<br \/>\n&#8211; kahetuumaline disain, 2 rida 41mm k\u00e4rg.<\/p>\n<p><img decoding=\"async\" src=\"https:\/\/www.do88.se\/dokument\/bibliotek\/Image\/WC-190-slider.jpg\" \/><\/p>\n<p>&nbsp;<\/p>\n<table width=\"800\" bgcolor=\"#ebf0fe\">\n<tbody>\n<tr>\n<td><strong>Sobib:<\/strong><\/td>\n<td valign=\"TOP\"><strong>BMW M3 E90 \/ E92 \/ E93<\/strong><br \/>\nMudeli aastad: 2007-2013<br \/>\nMootor: S65B40 , S65B44<\/td>\n<\/tr>\n<tr>\n<td><strong>OEM viide:<\/strong><\/td>\n<td>17112283468<\/td>\n<\/tr>\n<\/tbody>\n<\/table>\n<p><img decoding=\"async\" src=\"https:\/\/www.do88.se\/dokument\/bibliotek\/Image\/WC-190-Temp-do88vsOEM.jpg\" \/><\/p>\n<p><img decoding=\"async\" src=\"https:\/\/www.do88.se\/dokument\/bibliotek\/Image\/WC-190-DeltaT-do88vsOEM.jpg\" \/><\/p>","protected":false},"excerpt":{"rendered":"<p>Radika olulised eelised v\u00f5rreldes originaaliga: &#8211; 14% suurem k\u00e4rje maht, 11193 cm3 vs 9795 cm3 &#8211; 8% madalam jahutusvedeliku temperatuur p\u00e4rast radiaatorit samades katsetingimustes 73 \u00b0 C vs. 79 \u00b0 C! Vaadake allolevat skeemi! &#8211; sobib k\u00f5igile allolevas loendis olevatele autodele! &#8211; kahetuumaline disain, 2 rida 41mm k\u00e4rg. &nbsp; Sobib: BMW M3 E90 \/ E92 [&hellip;]<\/p>\n","protected":false},"featured_media":6962,"template":"","meta":{"site-sidebar-layout":"default","site-content-layout":"default","ast-site-content-layout":"default","site-content-style":"default","site-sidebar-style":"default","ast-global-header-display":"","ast-banner-title-visibility":"","ast-main-header-display":"","ast-hfb-above-header-display":"","ast-hfb-below-header-display":"","ast-hfb-mobile-header-display":"","site-post-title":"","ast-breadcrumbs-content":"","ast-featured-img":"","footer-sml-layout":"","ast-disable-related-posts":"","theme-transparent-header-meta":"default","adv-header-id-meta":"","stick-header-meta":"default","header-above-stick-meta":"","header-main-stick-meta":"","header-below-stick-meta":"","astra-migrate-meta-layouts":"default","ast-page-background-enabled":"default","ast-page-background-meta":{"desktop":{"background-color":"","background-image":"","background-repeat":"repeat","background-position":"center center","background-size":"auto","background-attachment":"scroll","background-type":"","background-media":"","overlay-type":"","overlay-color":"","overlay-opacity":"","overlay-gradient":""},"tablet":{"background-color":"","background-image":"","background-repeat":"repeat","background-position":"center center","background-size":"auto","background-attachment":"scroll","background-type":"","background-media":"","overlay-type":"","overlay-color":"","overlay-opacity":"","overlay-gradient":""},"mobile":{"background-color":"","background-image":"","background-repeat":"repeat","background-position":"center center","background-size":"auto","background-attachment":"scroll","background-type":"","background-media":"","overlay-type":"","overlay-color":"","overlay-opacity":"","overlay-gradient":""}},"ast-content-background-meta":{"desktop":{"background-color":"var(--ast-global-color-5)","background-image":"","background-repeat":"repeat","background-position":"center center","background-size":"auto","background-attachment":"scroll","background-type":"","background-media":"","overlay-type":"","overlay-color":"","overlay-opacity":"","overlay-gradient":""},"tablet":{"background-color":"var(--ast-global-color-5)","background-image":"","background-repeat":"repeat","background-position":"center center","background-size":"auto","background-attachment":"scroll","background-type":"","background-media":"","overlay-type":"","overlay-color":"","overlay-opacity":"","overlay-gradient":""},"mobile":{"background-color":"var(--ast-global-color-5)","background-image":"","background-repeat":"repeat","background-position":"center center","background-size":"auto","background-attachment":"scroll","background-type":"","background-media":"","overlay-type":"","overlay-color":"","overlay-opacity":"","overlay-gradient":""}}},"product_brand":[],"product_cat":[567,570,564],"product_tag":[1019,992,1059,1058,1027,1007],"class_list":{"0":"post-6957","1":"product","2":"type-product","3":"status-publish","4":"has-post-thumbnail","6":"product_cat-bmw","7":"product_cat-e90-m3","8":"product_cat-soiduki-jargi","9":"product_tag-alumiinium","10":"product_tag-bmw","11":"product_tag-e90","12":"product_tag-e92","13":"product_tag-m3","14":"product_tag-radikas","15":"desktop-align-center","16":"tablet-align-left","17":"mobile-align-left","18":"ast-product-gallery-layout-horizontal-slider","19":"ast-product-tabs-layout-horizontal","21":"first","22":"onbackorder","23":"taxable","24":"shipping-taxable","25":"purchasable","26":"product-type-simple"},"jetpack_sharing_enabled":true,"_links":{"self":[{"href":"https:\/\/boostshop.ee\/en\/wp-json\/wp\/v2\/product\/6957","targetHints":{"allow":["GET"]}}],"collection":[{"href":"https:\/\/boostshop.ee\/en\/wp-json\/wp\/v2\/product"}],"about":[{"href":"https:\/\/boostshop.ee\/en\/wp-json\/wp\/v2\/types\/product"}],"version-history":[{"count":3,"href":"https:\/\/boostshop.ee\/en\/wp-json\/wp\/v2\/product\/6957\/revisions"}],"predecessor-version":[{"id":6966,"href":"https:\/\/boostshop.ee\/en\/wp-json\/wp\/v2\/product\/6957\/revisions\/6966"}],"wp:featuredmedia":[{"embeddable":true,"href":"https:\/\/boostshop.ee\/en\/wp-json\/wp\/v2\/media\/6962"}],"wp:attachment":[{"href":"https:\/\/boostshop.ee\/en\/wp-json\/wp\/v2\/media?parent=6957"}],"wp:term":[{"taxonomy":"product_brand","embeddable":true,"href":"https:\/\/boostshop.ee\/en\/wp-json\/wp\/v2\/product_brand?post=6957"},{"taxonomy":"product_cat","embeddable":true,"href":"https:\/\/boostshop.ee\/en\/wp-json\/wp\/v2\/product_cat?post=6957"},{"taxonomy":"product_tag","embeddable":true,"href":"https:\/\/boostshop.ee\/en\/wp-json\/wp\/v2\/product_tag?post=6957"}],"curies":[{"name":"wp","href":"https:\/\/api.w.org\/{rel}","templated":true}]}}