{"id":6934,"date":"2021-02-10T10:59:31","date_gmt":"2021-02-10T08:59:31","guid":{"rendered":"https:\/\/boostshop.ee\/?post_type=product&#038;p=6934"},"modified":"2026-04-16T20:21:26","modified_gmt":"2026-04-16T18:21:26","slug":"bmw-m3-e90-e92-mootori-oliradikas-racing","status":"publish","type":"product","link":"https:\/\/boostshop.ee\/en\/product\/bmw-m3-e90-e92-mootori-oliradikas-racing\/","title":{"rendered":"BMW M3 E90 E92 ENGINE OIL COOLER RACING"},"content":{"rendered":"<p>Olulised eelised do88 \u00f5liradikal originaaliga v\u00f5rreldes:<br \/>\n&#8211; 69% suurem k\u00e4rje maht, 5247 cm3 vs 3105 cm3.<br \/>\n&#8211; 59% suurem aktiivne jahutusala, 7728 cm2 vs 4858 cm2.<br \/>\n&#8211; 19% madalam \u00f5litemperatuur \u00f5liradika taga: 84\u00b0C vs. 103\u00b0C!<br \/>\n&#8211; 13,9% suurem \u00f5limaht.<\/p>\n<p>&nbsp;<\/p>\n<table width=\"800\" bgcolor=\"#ebf0fe\">\n<tbody>\n<tr>\n<td><strong>Sobib j\u00e4rgmistele mudelitele:<\/strong><\/td>\n<td valign=\"TOP\"><strong>BMW M3 E90 \/ E92 \/ E93<\/strong><br \/>\nMudeli aastad: 2007*-2013<br \/>\nMootor: S65B40 , S65B44<\/td>\n<\/tr>\n<tr>\n<td><strong>OEM viited:<\/strong><\/td>\n<td>2284075<br \/>\n17212284075<\/td>\n<\/tr>\n<\/tbody>\n<\/table>","protected":false},"excerpt":{"rendered":"<p>Olulised eelised do88 \u00f5liradikal originaaliga v\u00f5rreldes: &#8211; 69% suurem k\u00e4rje maht, 5247 cm3 vs 3105 cm3. &#8211; 59% suurem aktiivne jahutusala, 7728 cm2 vs 4858 cm2. &#8211; 19% madalam \u00f5litemperatuur \u00f5liradika taga: 84\u00b0C vs. 103\u00b0C! &#8211; 13,9% suurem \u00f5limaht. &nbsp; Sobib j\u00e4rgmistele mudelitele: BMW M3 E90 \/ E92 \/ E93 Mudeli aastad: 2007*-2013 Mootor: S65B40 [&hellip;]<\/p>\n","protected":false},"featured_media":6951,"template":"","meta":{"site-sidebar-layout":"default","site-content-layout":"default","ast-site-content-layout":"default","site-content-style":"default","site-sidebar-style":"default","ast-global-header-display":"","ast-banner-title-visibility":"","ast-main-header-display":"","ast-hfb-above-header-display":"","ast-hfb-below-header-display":"","ast-hfb-mobile-header-display":"","site-post-title":"","ast-breadcrumbs-content":"","ast-featured-img":"","footer-sml-layout":"","ast-disable-related-posts":"","theme-transparent-header-meta":"default","adv-header-id-meta":"","stick-header-meta":"default","header-above-stick-meta":"","header-main-stick-meta":"","header-below-stick-meta":"","astra-migrate-meta-layouts":"default","ast-page-background-enabled":"default","ast-page-background-meta":{"desktop":{"background-color":"","background-image":"","background-repeat":"repeat","background-position":"center center","background-size":"auto","background-attachment":"scroll","background-type":"","background-media":"","overlay-type":"","overlay-color":"","overlay-opacity":"","overlay-gradient":""},"tablet":{"background-color":"","background-image":"","background-repeat":"repeat","background-position":"center center","background-size":"auto","background-attachment":"scroll","background-type":"","background-media":"","overlay-type":"","overlay-color":"","overlay-opacity":"","overlay-gradient":""},"mobile":{"background-color":"","background-image":"","background-repeat":"repeat","background-position":"center center","background-size":"auto","background-attachment":"scroll","background-type":"","background-media":"","overlay-type":"","overlay-color":"","overlay-opacity":"","overlay-gradient":""}},"ast-content-background-meta":{"desktop":{"background-color":"var(--ast-global-color-5)","background-image":"","background-repeat":"repeat","background-position":"center center","background-size":"auto","background-attachment":"scroll","background-type":"","background-media":"","overlay-type":"","overlay-color":"","overlay-opacity":"","overlay-gradient":""},"tablet":{"background-color":"var(--ast-global-color-5)","background-image":"","background-repeat":"repeat","background-position":"center center","background-size":"auto","background-attachment":"scroll","background-type":"","background-media":"","overlay-type":"","overlay-color":"","overlay-opacity":"","overlay-gradient":""},"mobile":{"background-color":"var(--ast-global-color-5)","background-image":"","background-repeat":"repeat","background-position":"center center","background-size":"auto","background-attachment":"scroll","background-type":"","background-media":"","overlay-type":"","overlay-color":"","overlay-opacity":"","overlay-gradient":""}}},"product_brand":[],"product_cat":[567,570,564],"product_tag":[992,1058,1027,1029,1031],"class_list":{"0":"post-6934","1":"product","2":"type-product","3":"status-publish","4":"has-post-thumbnail","6":"product_cat-bmw","7":"product_cat-e90-m3","8":"product_cat-soiduki-jargi","9":"product_tag-bmw","10":"product_tag-e92","11":"product_tag-m3","12":"product_tag-oliradikas","13":"product_tag-racing","14":"desktop-align-center","15":"tablet-align-left","16":"mobile-align-left","17":"ast-product-gallery-layout-horizontal-slider","18":"ast-product-tabs-layout-horizontal","20":"first","21":"onbackorder","22":"taxable","23":"shipping-taxable","24":"purchasable","25":"product-type-simple"},"jetpack_sharing_enabled":true,"_links":{"self":[{"href":"https:\/\/boostshop.ee\/en\/wp-json\/wp\/v2\/product\/6934","targetHints":{"allow":["GET"]}}],"collection":[{"href":"https:\/\/boostshop.ee\/en\/wp-json\/wp\/v2\/product"}],"about":[{"href":"https:\/\/boostshop.ee\/en\/wp-json\/wp\/v2\/types\/product"}],"version-history":[{"count":4,"href":"https:\/\/boostshop.ee\/en\/wp-json\/wp\/v2\/product\/6934\/revisions"}],"predecessor-version":[{"id":6976,"href":"https:\/\/boostshop.ee\/en\/wp-json\/wp\/v2\/product\/6934\/revisions\/6976"}],"wp:featuredmedia":[{"embeddable":true,"href":"https:\/\/boostshop.ee\/en\/wp-json\/wp\/v2\/media\/6951"}],"wp:attachment":[{"href":"https:\/\/boostshop.ee\/en\/wp-json\/wp\/v2\/media?parent=6934"}],"wp:term":[{"taxonomy":"product_brand","embeddable":true,"href":"https:\/\/boostshop.ee\/en\/wp-json\/wp\/v2\/product_brand?post=6934"},{"taxonomy":"product_cat","embeddable":true,"href":"https:\/\/boostshop.ee\/en\/wp-json\/wp\/v2\/product_cat?post=6934"},{"taxonomy":"product_tag","embeddable":true,"href":"https:\/\/boostshop.ee\/en\/wp-json\/wp\/v2\/product_tag?post=6934"}],"curies":[{"name":"wp","href":"https:\/\/api.w.org\/{rel}","templated":true}]}}