{"id":6923,"date":"2021-02-01T08:54:57","date_gmt":"2021-02-01T06:54:57","guid":{"rendered":"https:\/\/boostshop.ee\/?post_type=product&#038;p=6923"},"modified":"2026-04-16T20:21:26","modified_gmt":"2026-04-16T18:21:26","slug":"bmw-m3-e90-e92-dkg-dct-oliradikas-racing","status":"publish","type":"product","link":"https:\/\/boostshop.ee\/en\/product\/bmw-m3-e90-e92-dkg-dct-oliradikas-racing\/","title":{"rendered":"BMW M3 E90 E92 DKG \/ DCT OIL COOLER RACING"},"content":{"rendered":"<p>Olulised eelised do88 \u00f5liradikal originaaliga v\u00f5rreldes:<br \/>\n&#8211; 217% suurem k\u00e4rje maht, 2208 cm3 vs 696 cm3<br \/>\n&#8211; 178% suurem aktiivne jahutusala, 3456 cm2 vs 1242 cm2<br \/>\n&#8211; 18% madalam \u00f5litemperatuur \u00f5liradika taga: 74 \u00b0 C vs 90 \u00b0 C!<br \/>\n&#8211; 110% suurem \u00f5limaht, 6,5dl vs 3,1dl<\/p>\n<p>Sobib: BMW M3 E90 \/ E92 \/ E93<br \/>\nMudeli aasta: 2007-2013<br \/>\nMootor: S65B40, S65B44<br \/>\nK\u00e4igukast: sobib manuaalse v\u00f5i DKG \/ DCT-k\u00e4igukastiga autodele.<\/p>\n<p>OEM viide: 17227521376<\/p>","protected":false},"excerpt":{"rendered":"<p>Olulised eelised do88 \u00f5liradikal originaaliga v\u00f5rreldes: &#8211; 217% suurem k\u00e4rje maht, 2208 cm3 vs 696 cm3 &#8211; 178% suurem aktiivne jahutusala, 3456 cm2 vs 1242 cm2 &#8211; 18% madalam \u00f5litemperatuur \u00f5liradika taga: 74 \u00b0 C vs 90 \u00b0 C! &#8211; 110% suurem \u00f5limaht, 6,5dl vs 3,1dl Sobib: BMW M3 E90 \/ E92 \/ E93 Mudeli [&hellip;]<\/p>\n","protected":false},"featured_media":6932,"template":"","meta":{"site-sidebar-layout":"default","site-content-layout":"default","ast-site-content-layout":"default","site-content-style":"default","site-sidebar-style":"default","ast-global-header-display":"","ast-banner-title-visibility":"","ast-main-header-display":"","ast-hfb-above-header-display":"","ast-hfb-below-header-display":"","ast-hfb-mobile-header-display":"","site-post-title":"","ast-breadcrumbs-content":"","ast-featured-img":"","footer-sml-layout":"","ast-disable-related-posts":"","theme-transparent-header-meta":"default","adv-header-id-meta":"","stick-header-meta":"default","header-above-stick-meta":"","header-main-stick-meta":"","header-below-stick-meta":"","astra-migrate-meta-layouts":"default","ast-page-background-enabled":"default","ast-page-background-meta":{"desktop":{"background-color":"","background-image":"","background-repeat":"repeat","background-position":"center center","background-size":"auto","background-attachment":"scroll","background-type":"","background-media":"","overlay-type":"","overlay-color":"","overlay-opacity":"","overlay-gradient":""},"tablet":{"background-color":"","background-image":"","background-repeat":"repeat","background-position":"center center","background-size":"auto","background-attachment":"scroll","background-type":"","background-media":"","overlay-type":"","overlay-color":"","overlay-opacity":"","overlay-gradient":""},"mobile":{"background-color":"","background-image":"","background-repeat":"repeat","background-position":"center center","background-size":"auto","background-attachment":"scroll","background-type":"","background-media":"","overlay-type":"","overlay-color":"","overlay-opacity":"","overlay-gradient":""}},"ast-content-background-meta":{"desktop":{"background-color":"var(--ast-global-color-5)","background-image":"","background-repeat":"repeat","background-position":"center center","background-size":"auto","background-attachment":"scroll","background-type":"","background-media":"","overlay-type":"","overlay-color":"","overlay-opacity":"","overlay-gradient":""},"tablet":{"background-color":"var(--ast-global-color-5)","background-image":"","background-repeat":"repeat","background-position":"center center","background-size":"auto","background-attachment":"scroll","background-type":"","background-media":"","overlay-type":"","overlay-color":"","overlay-opacity":"","overlay-gradient":""},"mobile":{"background-color":"var(--ast-global-color-5)","background-image":"","background-repeat":"repeat","background-position":"center center","background-size":"auto","background-attachment":"scroll","background-type":"","background-media":"","overlay-type":"","overlay-color":"","overlay-opacity":"","overlay-gradient":""}}},"product_brand":[],"product_cat":[567,570,564],"product_tag":[992,1062,1061,1059,1058,1027,1029,1031],"class_list":{"0":"post-6923","1":"product","2":"type-product","3":"status-publish","4":"has-post-thumbnail","6":"product_cat-bmw","7":"product_cat-e90-m3","8":"product_cat-soiduki-jargi","9":"product_tag-bmw","10":"product_tag-dct","11":"product_tag-dkg","12":"product_tag-e90","13":"product_tag-e92","14":"product_tag-m3","15":"product_tag-oliradikas","16":"product_tag-racing","17":"desktop-align-center","18":"tablet-align-left","19":"mobile-align-left","20":"ast-product-gallery-layout-horizontal-slider","21":"ast-product-tabs-layout-horizontal","23":"first","24":"onbackorder","25":"taxable","26":"shipping-taxable","27":"purchasable","28":"product-type-simple"},"jetpack_sharing_enabled":true,"_links":{"self":[{"href":"https:\/\/boostshop.ee\/en\/wp-json\/wp\/v2\/product\/6923","targetHints":{"allow":["GET"]}}],"collection":[{"href":"https:\/\/boostshop.ee\/en\/wp-json\/wp\/v2\/product"}],"about":[{"href":"https:\/\/boostshop.ee\/en\/wp-json\/wp\/v2\/types\/product"}],"version-history":[{"count":5,"href":"https:\/\/boostshop.ee\/en\/wp-json\/wp\/v2\/product\/6923\/revisions"}],"predecessor-version":[{"id":6975,"href":"https:\/\/boostshop.ee\/en\/wp-json\/wp\/v2\/product\/6923\/revisions\/6975"}],"wp:featuredmedia":[{"embeddable":true,"href":"https:\/\/boostshop.ee\/en\/wp-json\/wp\/v2\/media\/6932"}],"wp:attachment":[{"href":"https:\/\/boostshop.ee\/en\/wp-json\/wp\/v2\/media?parent=6923"}],"wp:term":[{"taxonomy":"product_brand","embeddable":true,"href":"https:\/\/boostshop.ee\/en\/wp-json\/wp\/v2\/product_brand?post=6923"},{"taxonomy":"product_cat","embeddable":true,"href":"https:\/\/boostshop.ee\/en\/wp-json\/wp\/v2\/product_cat?post=6923"},{"taxonomy":"product_tag","embeddable":true,"href":"https:\/\/boostshop.ee\/en\/wp-json\/wp\/v2\/product_tag?post=6923"}],"curies":[{"name":"wp","href":"https:\/\/api.w.org\/{rel}","templated":true}]}}