{"id":6916,"date":"2021-01-29T15:17:27","date_gmt":"2021-01-29T13:17:27","guid":{"rendered":"https:\/\/boostshop.ee\/?post_type=product&#038;p=6916"},"modified":"2023-09-27T14:29:00","modified_gmt":"2023-09-27T12:29:00","slug":"bigpack-bmw-m3-e90-e92-manual","status":"publish","type":"product","link":"https:\/\/boostshop.ee\/en\/product\/bigpack-bmw-m3-e90-e92-manual\/","title":{"rendered":"BIGPACK BMW M3 E90\/E92 MANUAL"},"content":{"rendered":"<table>\n<tbody>\n<tr>\n<td>See on absoluutne t\u00e4ispakett neile, kes otsivad oma s\u00f5idukile kogu meie M3 jahutuslahenduste valikut.<\/p>\n<p>&#8211; M3 \u00f5liradikas!<br \/>\n&#8211; M3 rooliv\u00f5imendi jahuti!<br \/>\n&#8211; M3 radikas!<\/p>\n<p>&nbsp;<\/td>\n<td width=\"175\"><img fetchpriority=\"high\" decoding=\"async\" src=\"https:\/\/www.do88.se\/dokument\/bibliotek\/Image\/OC-100-Sidbild.jpg\" width=\"175\" height=\"423\" \/><\/td>\n<\/tr>\n<\/tbody>\n<\/table>\n<p>&nbsp;<\/p>\n<p>&nbsp;<\/p>\n<table width=\"800\" bgcolor=\"#ebf0fe\">\n<tbody>\n<tr>\n<td>Sobib:<\/td>\n<td valign=\"TOP\">BMW M3 E90 \/ E92 \/ E93<br \/>\nMudeli aastad: 2007-2013<br \/>\nMootor: S65B40 , S65B44<\/td>\n<\/tr>\n<\/tbody>\n<\/table>","protected":false},"excerpt":{"rendered":"<p>See on absoluutne t\u00e4ispakett neile, kes otsivad oma s\u00f5idukile kogu meie M3 jahutuslahenduste valikut. &#8211; M3 \u00f5liradikas! &#8211; M3 rooliv\u00f5imendi jahuti! &#8211; M3 radikas! &nbsp; &nbsp; &nbsp; Sobib: BMW M3 E90 \/ E92 \/ E93 Mudeli aastad: 2007-2013 Mootor: S65B40 , S65B44<\/p>","protected":false},"featured_media":6921,"template":"","meta":{"site-sidebar-layout":"default","site-content-layout":"default","ast-site-content-layout":"default","site-content-style":"default","site-sidebar-style":"default","ast-global-header-display":"","ast-banner-title-visibility":"","ast-main-header-display":"","ast-hfb-above-header-display":"","ast-hfb-below-header-display":"","ast-hfb-mobile-header-display":"","site-post-title":"","ast-breadcrumbs-content":"","ast-featured-img":"","footer-sml-layout":"","ast-disable-related-posts":"","theme-transparent-header-meta":"default","adv-header-id-meta":"","stick-header-meta":"default","header-above-stick-meta":"","header-main-stick-meta":"","header-below-stick-meta":"","astra-migrate-meta-layouts":"default","ast-page-background-enabled":"default","ast-page-background-meta":{"desktop":{"background-color":"","background-image":"","background-repeat":"repeat","background-position":"center center","background-size":"auto","background-attachment":"scroll","background-type":"","background-media":"","overlay-type":"","overlay-color":"","overlay-opacity":"","overlay-gradient":""},"tablet":{"background-color":"","background-image":"","background-repeat":"repeat","background-position":"center center","background-size":"auto","background-attachment":"scroll","background-type":"","background-media":"","overlay-type":"","overlay-color":"","overlay-opacity":"","overlay-gradient":""},"mobile":{"background-color":"","background-image":"","background-repeat":"repeat","background-position":"center center","background-size":"auto","background-attachment":"scroll","background-type":"","background-media":"","overlay-type":"","overlay-color":"","overlay-opacity":"","overlay-gradient":""}},"ast-content-background-meta":{"desktop":{"background-color":"var(--ast-global-color-5)","background-image":"","background-repeat":"repeat","background-position":"center center","background-size":"auto","background-attachment":"scroll","background-type":"","background-media":"","overlay-type":"","overlay-color":"","overlay-opacity":"","overlay-gradient":""},"tablet":{"background-color":"var(--ast-global-color-5)","background-image":"","background-repeat":"repeat","background-position":"center center","background-size":"auto","background-attachment":"scroll","background-type":"","background-media":"","overlay-type":"","overlay-color":"","overlay-opacity":"","overlay-gradient":""},"mobile":{"background-color":"var(--ast-global-color-5)","background-image":"","background-repeat":"repeat","background-position":"center center","background-size":"auto","background-attachment":"scroll","background-type":"","background-media":"","overlay-type":"","overlay-color":"","overlay-opacity":"","overlay-gradient":""}}},"product_brand":[],"product_cat":[567,570,564],"product_tag":[1064,992,1063,1027,1065],"class_list":{"0":"post-6916","1":"product","2":"type-product","3":"status-publish","4":"has-post-thumbnail","6":"product_cat-bmw","7":"product_cat-e90-m3","8":"product_cat-soiduki-jargi","9":"product_tag-bigback","10":"product_tag-bmw","11":"product_tag-e90-e92","12":"product_tag-m3","13":"product_tag-manual","14":"desktop-align-center","15":"tablet-align-left","16":"mobile-align-left","17":"ast-product-gallery-layout-horizontal-slider","18":"ast-product-tabs-layout-horizontal","20":"first","21":"onbackorder","22":"taxable","23":"shipping-taxable","24":"purchasable","25":"product-type-simple"},"_links":{"self":[{"href":"https:\/\/boostshop.ee\/en\/wp-json\/wp\/v2\/product\/6916","targetHints":{"allow":["GET"]}}],"collection":[{"href":"https:\/\/boostshop.ee\/en\/wp-json\/wp\/v2\/product"}],"about":[{"href":"https:\/\/boostshop.ee\/en\/wp-json\/wp\/v2\/types\/product"}],"version-history":[{"count":1,"href":"https:\/\/boostshop.ee\/en\/wp-json\/wp\/v2\/product\/6916\/revisions"}],"predecessor-version":[{"id":6922,"href":"https:\/\/boostshop.ee\/en\/wp-json\/wp\/v2\/product\/6916\/revisions\/6922"}],"wp:featuredmedia":[{"embeddable":true,"href":"https:\/\/boostshop.ee\/en\/wp-json\/wp\/v2\/media\/6921"}],"wp:attachment":[{"href":"https:\/\/boostshop.ee\/en\/wp-json\/wp\/v2\/media?parent=6916"}],"wp:term":[{"taxonomy":"product_brand","embeddable":true,"href":"https:\/\/boostshop.ee\/en\/wp-json\/wp\/v2\/product_brand?post=6916"},{"taxonomy":"product_cat","embeddable":true,"href":"https:\/\/boostshop.ee\/en\/wp-json\/wp\/v2\/product_cat?post=6916"},{"taxonomy":"product_tag","embeddable":true,"href":"https:\/\/boostshop.ee\/en\/wp-json\/wp\/v2\/product_tag?post=6916"}],"curies":[{"name":"wp","href":"https:\/\/api.w.org\/{rel}","templated":true}]}}