{"id":6872,"date":"2020-11-25T11:08:44","date_gmt":"2020-11-25T09:08:44","guid":{"rendered":"https:\/\/boostshop.ee\/?post_type=product&#038;p=6872"},"modified":"2026-04-16T20:21:09","modified_gmt":"2026-04-16T18:21:09","slug":"bmw-m3-e46-jahutussusteemi-lodvikute-komplekt-must","status":"publish","type":"product","link":"https:\/\/boostshop.ee\/en\/product\/bmw-m3-e46-jahutussusteemi-lodvikute-komplekt-must\/","title":{"rendered":"BMW M3 E46 cooling system slack set black"},"content":{"rendered":"<table class=\"TeknSpec_Tabell\" style=\"height: 266px\" width=\"1485\">\n<tbody>\n<tr>\n<td class=\"TeknSpec_Rad1_Vanster\">Sobib:<\/td>\n<td class=\"TeknSpec_Rad1_Hoger\">BMW M3 E46<br \/>\nMudeli aastad: 2001-2005<br \/>\nMootor: 3.2 l<br \/>\nMootori kood: S54B32<\/td>\n<\/tr>\n<tr>\n<td class=\"TeknSpec_Rad2_Vanster\">&nbsp;<\/p>\n<p>T\u00e4htis!<\/td>\n<td class=\"TeknSpec_Rad2_Hoger\">Soovi korral saab tellida ka sinist v\u00f5i punast komplekti. Kirjuta oma soovist e-mailile: info@boostshop.ee<\/p>\n<p>Peate uuesti kasutama vooliku algseid \u00fchendusi. Originaalsed voolikuklambrid tuleb l\u00f5igata \u00e4ra rauasaega. Vooliku\u00fchendus paigaldatakse silikoonvoolikule tavalise voolikuklambriga. Soovitame teil osta meie komplekt voolikuklambritega, mis sisaldab vajalikku.<\/td>\n<\/tr>\n<\/tbody>\n<\/table>","protected":false},"excerpt":{"rendered":"<p>Sobib: BMW M3 E46 Mudeli aastad: 2001-2005 Mootor: 3.2 l Mootori kood: S54B32 &nbsp; T\u00e4htis! Soovi korral saab tellida ka sinist v\u00f5i punast komplekti. Kirjuta oma soovist e-mailile: info@boostshop.ee Peate uuesti kasutama vooliku algseid \u00fchendusi. Originaalsed voolikuklambrid tuleb l\u00f5igata \u00e4ra rauasaega. Vooliku\u00fchendus paigaldatakse silikoonvoolikule tavalise voolikuklambriga. Soovitame teil osta meie komplekt voolikuklambritega, mis sisaldab vajalikku.<\/p>","protected":false},"featured_media":6886,"template":"","meta":{"site-sidebar-layout":"default","site-content-layout":"default","ast-site-content-layout":"default","site-content-style":"default","site-sidebar-style":"default","ast-global-header-display":"","ast-banner-title-visibility":"","ast-main-header-display":"","ast-hfb-above-header-display":"","ast-hfb-below-header-display":"","ast-hfb-mobile-header-display":"","site-post-title":"","ast-breadcrumbs-content":"","ast-featured-img":"","footer-sml-layout":"","ast-disable-related-posts":"","theme-transparent-header-meta":"default","adv-header-id-meta":"","stick-header-meta":"default","header-above-stick-meta":"","header-main-stick-meta":"","header-below-stick-meta":"","astra-migrate-meta-layouts":"default","ast-page-background-enabled":"default","ast-page-background-meta":{"desktop":{"background-color":"","background-image":"","background-repeat":"repeat","background-position":"center center","background-size":"auto","background-attachment":"scroll","background-type":"","background-media":"","overlay-type":"","overlay-color":"","overlay-opacity":"","overlay-gradient":""},"tablet":{"background-color":"","background-image":"","background-repeat":"repeat","background-position":"center center","background-size":"auto","background-attachment":"scroll","background-type":"","background-media":"","overlay-type":"","overlay-color":"","overlay-opacity":"","overlay-gradient":""},"mobile":{"background-color":"","background-image":"","background-repeat":"repeat","background-position":"center center","background-size":"auto","background-attachment":"scroll","background-type":"","background-media":"","overlay-type":"","overlay-color":"","overlay-opacity":"","overlay-gradient":""}},"ast-content-background-meta":{"desktop":{"background-color":"var(--ast-global-color-5)","background-image":"","background-repeat":"repeat","background-position":"center center","background-size":"auto","background-attachment":"scroll","background-type":"","background-media":"","overlay-type":"","overlay-color":"","overlay-opacity":"","overlay-gradient":""},"tablet":{"background-color":"var(--ast-global-color-5)","background-image":"","background-repeat":"repeat","background-position":"center center","background-size":"auto","background-attachment":"scroll","background-type":"","background-media":"","overlay-type":"","overlay-color":"","overlay-opacity":"","overlay-gradient":""},"mobile":{"background-color":"var(--ast-global-color-5)","background-image":"","background-repeat":"repeat","background-position":"center center","background-size":"auto","background-attachment":"scroll","background-type":"","background-media":"","overlay-type":"","overlay-color":"","overlay-opacity":"","overlay-gradient":""}}},"product_brand":[],"product_cat":[567,569,564],"product_tag":[992,1030,985,1047,1002,1027],"class_list":{"0":"post-6872","1":"product","2":"type-product","3":"status-publish","4":"has-post-thumbnail","6":"product_cat-bmw","7":"product_cat-e46","8":"product_cat-soiduki-jargi","9":"product_tag-bmw","10":"product_tag-e46","11":"product_tag-jahutussusteem","12":"product_tag-komplekt","13":"product_tag-lodvikud","14":"product_tag-m3","15":"desktop-align-center","16":"tablet-align-left","17":"mobile-align-left","18":"ast-product-gallery-layout-horizontal-slider","19":"ast-product-tabs-layout-horizontal","21":"first","22":"onbackorder","23":"taxable","24":"shipping-taxable","25":"purchasable","26":"product-type-simple"},"jetpack_sharing_enabled":true,"_links":{"self":[{"href":"https:\/\/boostshop.ee\/en\/wp-json\/wp\/v2\/product\/6872","targetHints":{"allow":["GET"]}}],"collection":[{"href":"https:\/\/boostshop.ee\/en\/wp-json\/wp\/v2\/product"}],"about":[{"href":"https:\/\/boostshop.ee\/en\/wp-json\/wp\/v2\/types\/product"}],"version-history":[{"count":4,"href":"https:\/\/boostshop.ee\/en\/wp-json\/wp\/v2\/product\/6872\/revisions"}],"predecessor-version":[{"id":6887,"href":"https:\/\/boostshop.ee\/en\/wp-json\/wp\/v2\/product\/6872\/revisions\/6887"}],"wp:featuredmedia":[{"embeddable":true,"href":"https:\/\/boostshop.ee\/en\/wp-json\/wp\/v2\/media\/6886"}],"wp:attachment":[{"href":"https:\/\/boostshop.ee\/en\/wp-json\/wp\/v2\/media?parent=6872"}],"wp:term":[{"taxonomy":"product_brand","embeddable":true,"href":"https:\/\/boostshop.ee\/en\/wp-json\/wp\/v2\/product_brand?post=6872"},{"taxonomy":"product_cat","embeddable":true,"href":"https:\/\/boostshop.ee\/en\/wp-json\/wp\/v2\/product_cat?post=6872"},{"taxonomy":"product_tag","embeddable":true,"href":"https:\/\/boostshop.ee\/en\/wp-json\/wp\/v2\/product_tag?post=6872"}],"curies":[{"name":"wp","href":"https:\/\/api.w.org\/{rel}","templated":true}]}}