{"id":6850,"date":"2020-11-25T10:33:26","date_gmt":"2020-11-25T08:33:26","guid":{"rendered":"https:\/\/boostshop.ee\/?post_type=product&#038;p=6850"},"modified":"2026-04-16T20:21:58","modified_gmt":"2026-04-16T18:21:58","slug":"termosukad-silikoonist-takjapaelaga","status":"publish","type":"product","link":"https:\/\/boostshop.ee\/en\/product\/termosukad-silikoonist-takjapaelaga\/","title":{"rendered":"Termosukad silikoonist takjapaelaga"},"content":{"rendered":"<p><span style=\"color: #ff0000\"><strong>NB! Hind kehtib 1 detsimeetri kohta!<\/strong><\/span><\/p>\n<p><span style=\"color: #ff0000\">Valige\u00a0 &#8220;Lisa ostukorvi&#8221;\u00a0 olevast loendist mitu detsimeetrit soovite tellida. Tarnime selle toote alati \u00fches t\u00fckis. N\u00e4iteks kui tellite 3 tk, saate 1 tk, mis on 30 cm pikk.<\/span><\/p>","protected":false},"excerpt":{"rendered":"<p>NB! Hind kehtib 1 detsimeetri kohta! Valige\u00a0 &#8220;Lisa ostukorvi&#8221;\u00a0 olevast loendist mitu detsimeetrit soovite tellida. Tarnime selle toote alati \u00fches t\u00fckis. N\u00e4iteks kui tellite 3 tk, saate 1 tk, mis on 30 cm pikk.<\/p>","protected":false},"featured_media":6856,"template":"","meta":{"site-sidebar-layout":"default","site-content-layout":"default","ast-site-content-layout":"default","site-content-style":"default","site-sidebar-style":"default","ast-global-header-display":"","ast-banner-title-visibility":"","ast-main-header-display":"","ast-hfb-above-header-display":"","ast-hfb-below-header-display":"","ast-hfb-mobile-header-display":"","site-post-title":"","ast-breadcrumbs-content":"","ast-featured-img":"","footer-sml-layout":"","ast-disable-related-posts":"","theme-transparent-header-meta":"default","adv-header-id-meta":"","stick-header-meta":"default","header-above-stick-meta":"","header-main-stick-meta":"","header-below-stick-meta":"","astra-migrate-meta-layouts":"default","ast-page-background-enabled":"default","ast-page-background-meta":{"desktop":{"background-color":"","background-image":"","background-repeat":"repeat","background-position":"center center","background-size":"auto","background-attachment":"scroll","background-type":"","background-media":"","overlay-type":"","overlay-color":"","overlay-opacity":"","overlay-gradient":""},"tablet":{"background-color":"","background-image":"","background-repeat":"repeat","background-position":"center center","background-size":"auto","background-attachment":"scroll","background-type":"","background-media":"","overlay-type":"","overlay-color":"","overlay-opacity":"","overlay-gradient":""},"mobile":{"background-color":"","background-image":"","background-repeat":"repeat","background-position":"center center","background-size":"auto","background-attachment":"scroll","background-type":"","background-media":"","overlay-type":"","overlay-color":"","overlay-opacity":"","overlay-gradient":""}},"ast-content-background-meta":{"desktop":{"background-color":"var(--ast-global-color-5)","background-image":"","background-repeat":"repeat","background-position":"center center","background-size":"auto","background-attachment":"scroll","background-type":"","background-media":"","overlay-type":"","overlay-color":"","overlay-opacity":"","overlay-gradient":""},"tablet":{"background-color":"var(--ast-global-color-5)","background-image":"","background-repeat":"repeat","background-position":"center center","background-size":"auto","background-attachment":"scroll","background-type":"","background-media":"","overlay-type":"","overlay-color":"","overlay-opacity":"","overlay-gradient":""},"mobile":{"background-color":"var(--ast-global-color-5)","background-image":"","background-repeat":"repeat","background-position":"center center","background-size":"auto","background-attachment":"scroll","background-type":"","background-media":"","overlay-type":"","overlay-color":"","overlay-opacity":"","overlay-gradient":""}}},"product_brand":[],"product_cat":[551,446],"product_tag":[1034,1052,1049,1051],"class_list":{"0":"post-6850","1":"product","2":"type-product","3":"status-publish","4":"has-post-thumbnail","6":"product_cat-kuumakaitse","7":"product_cat-mootor","8":"product_tag-kuumakaitse","9":"product_tag-takjapael","10":"product_tag-termo","11":"product_tag-termosukk","12":"desktop-align-center","13":"tablet-align-left","14":"mobile-align-left","15":"ast-product-gallery-layout-horizontal-slider","16":"ast-product-single-variable","17":"ast-product-tabs-layout-horizontal","19":"first","20":"instock","21":"taxable","22":"shipping-taxable","23":"purchasable","24":"product-type-variable"},"jetpack_sharing_enabled":true,"_links":{"self":[{"href":"https:\/\/boostshop.ee\/en\/wp-json\/wp\/v2\/product\/6850","targetHints":{"allow":["GET"]}}],"collection":[{"href":"https:\/\/boostshop.ee\/en\/wp-json\/wp\/v2\/product"}],"about":[{"href":"https:\/\/boostshop.ee\/en\/wp-json\/wp\/v2\/types\/product"}],"version-history":[{"count":3,"href":"https:\/\/boostshop.ee\/en\/wp-json\/wp\/v2\/product\/6850\/revisions"}],"predecessor-version":[{"id":12680,"href":"https:\/\/boostshop.ee\/en\/wp-json\/wp\/v2\/product\/6850\/revisions\/12680"}],"wp:featuredmedia":[{"embeddable":true,"href":"https:\/\/boostshop.ee\/en\/wp-json\/wp\/v2\/media\/6856"}],"wp:attachment":[{"href":"https:\/\/boostshop.ee\/en\/wp-json\/wp\/v2\/media?parent=6850"}],"wp:term":[{"taxonomy":"product_brand","embeddable":true,"href":"https:\/\/boostshop.ee\/en\/wp-json\/wp\/v2\/product_brand?post=6850"},{"taxonomy":"product_cat","embeddable":true,"href":"https:\/\/boostshop.ee\/en\/wp-json\/wp\/v2\/product_cat?post=6850"},{"taxonomy":"product_tag","embeddable":true,"href":"https:\/\/boostshop.ee\/en\/wp-json\/wp\/v2\/product_tag?post=6850"}],"curies":[{"name":"wp","href":"https:\/\/api.w.org\/{rel}","templated":true}]}}