{"id":6539,"date":"2020-08-25T06:44:36","date_gmt":"2020-08-25T04:44:36","guid":{"rendered":"https:\/\/boostshop.ee\/?post_type=product&#038;p=6539"},"modified":"2026-04-16T20:21:12","modified_gmt":"2026-04-16T18:21:12","slug":"vahejahuti-600x300x76-3","status":"publish","type":"product","link":"https:\/\/boostshop.ee\/en\/product\/vahejahuti-600x300x76-3\/","title":{"rendered":"Vahejahuti 600x300x76 &#8211; 3&#8242;"},"content":{"rendered":"<table class=\"TeknSpec_Tabell\">\n<tbody>\n<tr>\n<td class=\"TeknSpec_Rad1_Vanster\">\u00dchenduse suurus:<\/td>\n<td class=\"TeknSpec_Rad1_Hoger\">76 mm<\/td>\n<\/tr>\n<tr>\n<td class=\"TeknSpec_Rad2_Vanster\">\u00dchenduse suurus:<\/td>\n<td class=\"TeknSpec_Rad2_Hoger\">3 &#8220;<\/td>\n<\/tr>\n<tr>\n<td class=\"TeknSpec_Rad1_Vanster\">Sisu suurus:<\/td>\n<td class=\"TeknSpec_Rad1_Hoger\">600x300x76mm<\/td>\n<\/tr>\n<tr>\n<td class=\"TeknSpec_Rad2_Vanster\">Kogu suurus:<\/td>\n<td class=\"TeknSpec_Rad2_Hoger\">780x300x80mm<\/td>\n<\/tr>\n<tr>\n<td class=\"TeknSpec_Rad2_Vanster\">Montaa\u017e:<\/td>\n<td class=\"TeknSpec_Rad2_Hoger\">4 x M8<\/td>\n<\/tr>\n<\/tbody>\n<\/table>","protected":false},"excerpt":{"rendered":"<p>\u00dchenduse suurus: 76mm \u00dchenduse suurus: 3 &#8220; Sisu suurus: 600x300x76mm Kogu suurus: 780x300x80mm Montaa\u017e: 4 x M8<\/p>","protected":false},"featured_media":6541,"template":"","meta":{"site-sidebar-layout":"default","site-content-layout":"default","ast-site-content-layout":"default","site-content-style":"default","site-sidebar-style":"default","ast-global-header-display":"","ast-banner-title-visibility":"","ast-main-header-display":"","ast-hfb-above-header-display":"","ast-hfb-below-header-display":"","ast-hfb-mobile-header-display":"","site-post-title":"","ast-breadcrumbs-content":"","ast-featured-img":"","footer-sml-layout":"","ast-disable-related-posts":"","theme-transparent-header-meta":"default","adv-header-id-meta":"","stick-header-meta":"default","header-above-stick-meta":"","header-main-stick-meta":"","header-below-stick-meta":"","astra-migrate-meta-layouts":"default","ast-page-background-enabled":"default","ast-page-background-meta":{"desktop":{"background-color":"","background-image":"","background-repeat":"repeat","background-position":"center center","background-size":"auto","background-attachment":"scroll","background-type":"","background-media":"","overlay-type":"","overlay-color":"","overlay-opacity":"","overlay-gradient":""},"tablet":{"background-color":"","background-image":"","background-repeat":"repeat","background-position":"center center","background-size":"auto","background-attachment":"scroll","background-type":"","background-media":"","overlay-type":"","overlay-color":"","overlay-opacity":"","overlay-gradient":""},"mobile":{"background-color":"","background-image":"","background-repeat":"repeat","background-position":"center center","background-size":"auto","background-attachment":"scroll","background-type":"","background-media":"","overlay-type":"","overlay-color":"","overlay-opacity":"","overlay-gradient":""}},"ast-content-background-meta":{"desktop":{"background-color":"var(--ast-global-color-5)","background-image":"","background-repeat":"repeat","background-position":"center center","background-size":"auto","background-attachment":"scroll","background-type":"","background-media":"","overlay-type":"","overlay-color":"","overlay-opacity":"","overlay-gradient":""},"tablet":{"background-color":"var(--ast-global-color-5)","background-image":"","background-repeat":"repeat","background-position":"center center","background-size":"auto","background-attachment":"scroll","background-type":"","background-media":"","overlay-type":"","overlay-color":"","overlay-opacity":"","overlay-gradient":""},"mobile":{"background-color":"var(--ast-global-color-5)","background-image":"","background-repeat":"repeat","background-position":"center center","background-size":"auto","background-attachment":"scroll","background-type":"","background-media":"","overlay-type":"","overlay-color":"","overlay-opacity":"","overlay-gradient":""}}},"product_brand":[],"product_cat":[446,447],"product_tag":[1098,1010],"class_list":{"0":"post-6539","1":"product","2":"type-product","3":"status-publish","4":"has-post-thumbnail","6":"product_cat-mootor","7":"product_cat-vahejahutid","8":"product_tag-600x300","9":"product_tag-vahejahuti","10":"desktop-align-center","11":"tablet-align-left","12":"mobile-align-left","13":"ast-product-gallery-layout-horizontal-slider","14":"ast-product-tabs-layout-horizontal","16":"first","17":"onbackorder","18":"taxable","19":"shipping-taxable","20":"purchasable","21":"product-type-simple"},"jetpack_sharing_enabled":true,"_links":{"self":[{"href":"https:\/\/boostshop.ee\/en\/wp-json\/wp\/v2\/product\/6539","targetHints":{"allow":["GET"]}}],"collection":[{"href":"https:\/\/boostshop.ee\/en\/wp-json\/wp\/v2\/product"}],"about":[{"href":"https:\/\/boostshop.ee\/en\/wp-json\/wp\/v2\/types\/product"}],"version-history":[{"count":1,"href":"https:\/\/boostshop.ee\/en\/wp-json\/wp\/v2\/product\/6539\/revisions"}],"predecessor-version":[{"id":6542,"href":"https:\/\/boostshop.ee\/en\/wp-json\/wp\/v2\/product\/6539\/revisions\/6542"}],"wp:featuredmedia":[{"embeddable":true,"href":"https:\/\/boostshop.ee\/en\/wp-json\/wp\/v2\/media\/6541"}],"wp:attachment":[{"href":"https:\/\/boostshop.ee\/en\/wp-json\/wp\/v2\/media?parent=6539"}],"wp:term":[{"taxonomy":"product_brand","embeddable":true,"href":"https:\/\/boostshop.ee\/en\/wp-json\/wp\/v2\/product_brand?post=6539"},{"taxonomy":"product_cat","embeddable":true,"href":"https:\/\/boostshop.ee\/en\/wp-json\/wp\/v2\/product_cat?post=6539"},{"taxonomy":"product_tag","embeddable":true,"href":"https:\/\/boostshop.ee\/en\/wp-json\/wp\/v2\/product_tag?post=6539"}],"curies":[{"name":"wp","href":"https:\/\/api.w.org\/{rel}","templated":true}]}}