{"id":6465,"date":"2020-08-24T13:21:33","date_gmt":"2020-08-24T11:21:33","guid":{"rendered":"https:\/\/boostshop.ee\/?post_type=product&#038;p=6465"},"modified":"2026-04-16T19:54:17","modified_gmt":"2026-04-16T17:54:17","slug":"vahejahuti-150x500x75-25","status":"publish","type":"product","link":"https:\/\/boostshop.ee\/en\/product\/vahejahuti-150x500x75-25\/","title":{"rendered":"Intercooler 150x500x75-2,5\u2032"},"content":{"rendered":"<p>&nbsp;<\/p>\n<table class=\"TeknSpec_Tabell\">\n<tbody>\n<tr>\n<td class=\"TeknSpec_Rad1_Vanster\">\u00dchenduse suurus:<\/td>\n<td class=\"TeknSpec_Rad1_Hoger\">63 mm<\/td>\n<\/tr>\n<tr>\n<td class=\"TeknSpec_Rad2_Vanster\">\u00dchenduse suurus:<\/td>\n<td class=\"TeknSpec_Rad2_Hoger\">2,5 &#8220;<\/td>\n<\/tr>\n<tr>\n<td class=\"TeknSpec_Rad1_Vanster\">Sisu suurus:<\/td>\n<td class=\"TeknSpec_Rad1_Hoger\">150x500x75 mm<\/td>\n<\/tr>\n<tr>\n<td class=\"TeknSpec_Rad2_Vanster\">Kogu suurus:<\/td>\n<td class=\"TeknSpec_Rad2_Hoger\">280x610x75 mm<\/td>\n<\/tr>\n<tr>\n<td class=\"TeknSpec_Rad2_Vanster\">Montaa\u017e:<\/td>\n<td class=\"TeknSpec_Rad2_Hoger\">4 x M8<\/td>\n<\/tr>\n<\/tbody>\n<\/table>","protected":false},"excerpt":{"rendered":"<p>&nbsp; \u00dchenduse suurus: 63 mm \u00dchenduse suurus: 2,5 &#8220; Sisu suurus: 150x500x75 mm Kogu suurus: 280x610x75 mm Montaa\u017e: 4 x M8<\/p>","protected":false},"featured_media":6485,"template":"","meta":{"site-sidebar-layout":"default","site-content-layout":"default","ast-site-content-layout":"default","site-content-style":"default","site-sidebar-style":"default","ast-global-header-display":"","ast-banner-title-visibility":"","ast-main-header-display":"","ast-hfb-above-header-display":"","ast-hfb-below-header-display":"","ast-hfb-mobile-header-display":"","site-post-title":"","ast-breadcrumbs-content":"","ast-featured-img":"","footer-sml-layout":"","ast-disable-related-posts":"","theme-transparent-header-meta":"default","adv-header-id-meta":"","stick-header-meta":"default","header-above-stick-meta":"","header-main-stick-meta":"","header-below-stick-meta":"","astra-migrate-meta-layouts":"default","ast-page-background-enabled":"default","ast-page-background-meta":{"desktop":{"background-color":"","background-image":"","background-repeat":"repeat","background-position":"center center","background-size":"auto","background-attachment":"scroll","background-type":"","background-media":"","overlay-type":"","overlay-color":"","overlay-opacity":"","overlay-gradient":""},"tablet":{"background-color":"","background-image":"","background-repeat":"repeat","background-position":"center center","background-size":"auto","background-attachment":"scroll","background-type":"","background-media":"","overlay-type":"","overlay-color":"","overlay-opacity":"","overlay-gradient":""},"mobile":{"background-color":"","background-image":"","background-repeat":"repeat","background-position":"center center","background-size":"auto","background-attachment":"scroll","background-type":"","background-media":"","overlay-type":"","overlay-color":"","overlay-opacity":"","overlay-gradient":""}},"ast-content-background-meta":{"desktop":{"background-color":"var(--ast-global-color-5)","background-image":"","background-repeat":"repeat","background-position":"center center","background-size":"auto","background-attachment":"scroll","background-type":"","background-media":"","overlay-type":"","overlay-color":"","overlay-opacity":"","overlay-gradient":""},"tablet":{"background-color":"var(--ast-global-color-5)","background-image":"","background-repeat":"repeat","background-position":"center center","background-size":"auto","background-attachment":"scroll","background-type":"","background-media":"","overlay-type":"","overlay-color":"","overlay-opacity":"","overlay-gradient":""},"mobile":{"background-color":"var(--ast-global-color-5)","background-image":"","background-repeat":"repeat","background-position":"center center","background-size":"auto","background-attachment":"scroll","background-type":"","background-media":"","overlay-type":"","overlay-color":"","overlay-opacity":"","overlay-gradient":""}}},"product_brand":[],"product_cat":[446,447],"product_tag":[1081,1010],"class_list":{"0":"post-6465","1":"product","2":"type-product","3":"status-publish","4":"has-post-thumbnail","6":"product_cat-mootor","7":"product_cat-vahejahutid","8":"product_tag-150x500","9":"product_tag-vahejahuti","10":"desktop-align-center","11":"tablet-align-left","12":"mobile-align-left","13":"ast-product-gallery-layout-horizontal-slider","14":"ast-product-tabs-layout-horizontal","16":"first","17":"instock","18":"taxable","19":"shipping-taxable","20":"purchasable","21":"product-type-simple"},"jetpack_sharing_enabled":true,"_links":{"self":[{"href":"https:\/\/boostshop.ee\/en\/wp-json\/wp\/v2\/product\/6465","targetHints":{"allow":["GET"]}}],"collection":[{"href":"https:\/\/boostshop.ee\/en\/wp-json\/wp\/v2\/product"}],"about":[{"href":"https:\/\/boostshop.ee\/en\/wp-json\/wp\/v2\/types\/product"}],"version-history":[{"count":4,"href":"https:\/\/boostshop.ee\/en\/wp-json\/wp\/v2\/product\/6465\/revisions"}],"predecessor-version":[{"id":6489,"href":"https:\/\/boostshop.ee\/en\/wp-json\/wp\/v2\/product\/6465\/revisions\/6489"}],"wp:featuredmedia":[{"embeddable":true,"href":"https:\/\/boostshop.ee\/en\/wp-json\/wp\/v2\/media\/6485"}],"wp:attachment":[{"href":"https:\/\/boostshop.ee\/en\/wp-json\/wp\/v2\/media?parent=6465"}],"wp:term":[{"taxonomy":"product_brand","embeddable":true,"href":"https:\/\/boostshop.ee\/en\/wp-json\/wp\/v2\/product_brand?post=6465"},{"taxonomy":"product_cat","embeddable":true,"href":"https:\/\/boostshop.ee\/en\/wp-json\/wp\/v2\/product_cat?post=6465"},{"taxonomy":"product_tag","embeddable":true,"href":"https:\/\/boostshop.ee\/en\/wp-json\/wp\/v2\/product_tag?post=6465"}],"curies":[{"name":"wp","href":"https:\/\/api.w.org\/{rel}","templated":true}]}}