{"id":5393,"date":"2020-06-10T11:23:48","date_gmt":"2020-06-10T09:23:48","guid":{"rendered":"https:\/\/boostshop.ee\/?post_type=product&#038;p=5393"},"modified":"2026-04-16T19:54:53","modified_gmt":"2026-04-16T17:54:53","slug":"sirge-lodvik-20-100cm","status":"publish","type":"product","link":"https:\/\/boostshop.ee\/en\/product\/sirge-lodvik-20-100cm\/","title":{"rendered":"Straight hose 20-100cm"},"content":{"rendered":"<p>Reegline kohapeal ei ole.<\/p>\n<p>K\u00fcsi julgelt saadavust!<\/p>\n<p>Max. tarne aeg 5 t\u00f6\u00f6p\u00e4eva!<\/p>","protected":false},"excerpt":{"rendered":"<p>Color: Black<br \/>\nWall thickness: 4 mm<br \/>\nTemperature tolerance range: -40 to +180 \u00b0C<br \/>\nStrength level: 3 layers<br \/>\nMaterial: High-tech silicone \/ polyester fabric.<br \/>\nPikkus: detsimeetrites (2-10)<\/p>","protected":false},"featured_media":5395,"template":"","meta":{"site-sidebar-layout":"default","site-content-layout":"default","ast-site-content-layout":"default","site-content-style":"default","site-sidebar-style":"default","ast-global-header-display":"","ast-banner-title-visibility":"","ast-main-header-display":"","ast-hfb-above-header-display":"","ast-hfb-below-header-display":"","ast-hfb-mobile-header-display":"","site-post-title":"","ast-breadcrumbs-content":"","ast-featured-img":"","footer-sml-layout":"","ast-disable-related-posts":"","theme-transparent-header-meta":"default","adv-header-id-meta":"","stick-header-meta":"default","header-above-stick-meta":"","header-main-stick-meta":"","header-below-stick-meta":"","astra-migrate-meta-layouts":"default","ast-page-background-enabled":"default","ast-page-background-meta":{"desktop":{"background-color":"","background-image":"","background-repeat":"repeat","background-position":"center center","background-size":"auto","background-attachment":"scroll","background-type":"","background-media":"","overlay-type":"","overlay-color":"","overlay-opacity":"","overlay-gradient":""},"tablet":{"background-color":"","background-image":"","background-repeat":"repeat","background-position":"center center","background-size":"auto","background-attachment":"scroll","background-type":"","background-media":"","overlay-type":"","overlay-color":"","overlay-opacity":"","overlay-gradient":""},"mobile":{"background-color":"","background-image":"","background-repeat":"repeat","background-position":"center center","background-size":"auto","background-attachment":"scroll","background-type":"","background-media":"","overlay-type":"","overlay-color":"","overlay-opacity":"","overlay-gradient":""}},"ast-content-background-meta":{"desktop":{"background-color":"var(--ast-global-color-5)","background-image":"","background-repeat":"repeat","background-position":"center center","background-size":"auto","background-attachment":"scroll","background-type":"","background-media":"","overlay-type":"","overlay-color":"","overlay-opacity":"","overlay-gradient":""},"tablet":{"background-color":"var(--ast-global-color-5)","background-image":"","background-repeat":"repeat","background-position":"center center","background-size":"auto","background-attachment":"scroll","background-type":"","background-media":"","overlay-type":"","overlay-color":"","overlay-opacity":"","overlay-gradient":""},"mobile":{"background-color":"var(--ast-global-color-5)","background-image":"","background-repeat":"repeat","background-position":"center center","background-size":"auto","background-attachment":"scroll","background-type":"","background-media":"","overlay-type":"","overlay-color":"","overlay-opacity":"","overlay-gradient":""}}},"product_brand":[],"product_cat":[15,42],"product_tag":[1005,996,1108],"class_list":{"0":"post-5393","1":"product","2":"type-product","3":"status-publish","4":"has-post-thumbnail","6":"product_cat-silikoonlodvikud","7":"product_cat-mustad-sirged-20-100cm","8":"product_tag-lodvik","9":"product_tag-silikoon","10":"product_tag-sirge","11":"desktop-align-center","12":"tablet-align-left","13":"mobile-align-left","14":"ast-product-gallery-layout-horizontal-slider","15":"ast-product-single-variable","16":"ast-product-tabs-layout-horizontal","18":"first","19":"instock","20":"featured","21":"taxable","22":"shipping-taxable","23":"purchasable","24":"product-type-variable"},"jetpack_sharing_enabled":true,"_links":{"self":[{"href":"https:\/\/boostshop.ee\/en\/wp-json\/wp\/v2\/product\/5393","targetHints":{"allow":["GET"]}}],"collection":[{"href":"https:\/\/boostshop.ee\/en\/wp-json\/wp\/v2\/product"}],"about":[{"href":"https:\/\/boostshop.ee\/en\/wp-json\/wp\/v2\/types\/product"}],"version-history":[{"count":9,"href":"https:\/\/boostshop.ee\/en\/wp-json\/wp\/v2\/product\/5393\/revisions"}],"predecessor-version":[{"id":12895,"href":"https:\/\/boostshop.ee\/en\/wp-json\/wp\/v2\/product\/5393\/revisions\/12895"}],"wp:featuredmedia":[{"embeddable":true,"href":"https:\/\/boostshop.ee\/en\/wp-json\/wp\/v2\/media\/5395"}],"wp:attachment":[{"href":"https:\/\/boostshop.ee\/en\/wp-json\/wp\/v2\/media?parent=5393"}],"wp:term":[{"taxonomy":"product_brand","embeddable":true,"href":"https:\/\/boostshop.ee\/en\/wp-json\/wp\/v2\/product_brand?post=5393"},{"taxonomy":"product_cat","embeddable":true,"href":"https:\/\/boostshop.ee\/en\/wp-json\/wp\/v2\/product_cat?post=5393"},{"taxonomy":"product_tag","embeddable":true,"href":"https:\/\/boostshop.ee\/en\/wp-json\/wp\/v2\/product_tag?post=5393"}],"curies":[{"name":"wp","href":"https:\/\/api.w.org\/{rel}","templated":true}]}}