{"id":10614,"date":"2021-05-09T12:58:45","date_gmt":"2021-05-09T10:58:45","guid":{"rendered":"https:\/\/boostshop.ee\/?post_type=product&#038;p=10614"},"modified":"2023-09-27T14:08:33","modified_gmt":"2023-09-27T12:08:33","slug":"audi-rs6-c5-2002-2004-karterituulutus-voolikud-mustad","status":"publish","type":"product","link":"https:\/\/boostshop.ee\/en\/product\/audi-rs6-c5-2002-2004-karterituulutus-voolikud-mustad\/","title":{"rendered":"AUDI RS6 C5 2002-2004 CRANKCASE VENT HOSES, BLACK"},"content":{"rendered":"<p>Sobib: Audi RS6 C5<br \/>\nMudeliaastad: 2002-2004<br \/>\nMootor: 4,2 V8 Bi-Turbo<br \/>\nOluline teave: M\u00e4rkus!<br \/>\nSellesse komplekti oleme lisanud sisemise kihi k\u00f5rgekvaliteedilist fluorosilikoonkummi, et pikendada vooliku keemilist vastupidavust ja muuta see veelgi kauem vastu pidama!<\/p>\n<p>Komplektis olevad voolikud: <\/p>\n<p>klapikambrikaane tuulutusvoolik<br \/>\nViide: 77103216<\/p>\n<p>klapikambrikaane tuulutusvoolik<br \/>\nViide: 77103217<\/p>\n<p>\u00d5huvoolik<br \/>\nViited: 77103213<\/p>\n<p>\u00d5huvoolik<br \/>\nViide: 77103493<\/p>\n<p>\u00d5huvoolik<br \/>\nViide: 77103214<\/p>\n<p>\u00d5huvoolik<br \/>\nViide: 77103684<\/p>\n<p>\u00d5huvoolik<br \/>\nViide: 034103247G<\/p>\n<p>\u00d5huvoolik<br \/>\nViide: 77133783<\/p>\n<p>\u00d5huvoolik<br \/>\nViide: 77103237<\/p>\n<p>\u00d5huvoolik<br \/>\nViide: 77103223<\/p>\n<p>\u00d5huvoolik<br \/>\nViide: 77103223<\/p>\n<p>\u00d5huvoolik<br \/>\nViide: 77103223<\/p>\n<p>\u00d5huvoolik<br \/>\nViide: 77103223<\/p>\n<p>\u00d5huvoolik<br \/>\nViide: 77103223<\/p>\n<p>\u00d5huvoolik<br \/>\nViide: 77103223<\/p>","protected":false},"excerpt":{"rendered":"<p>Sobib: Audi RS6 C5 Mudeliaastad: 2002-2004 Mootor: 4,2 V8 Bi-Turbo Oluline teave: M\u00e4rkus! Sellesse komplekti oleme lisanud sisemise kihi k\u00f5rgekvaliteedilist fluorosilikoonkummi, et pikendada vooliku keemilist vastupidavust ja muuta see veelgi kauem vastu pidama! Komplektis olevad voolikud: klapikambrikaane tuulutusvoolik Viide: 77103216 klapikambrikaane tuulutusvoolik Viide: 77103217 \u00d5huvoolik Viited: 77103213 \u00d5huvoolik Viide: 77103493 \u00d5huvoolik Viide: 77103214 \u00d5huvoolik Viide: [&hellip;]<\/p>\n","protected":false},"featured_media":10616,"template":"","meta":{"site-sidebar-layout":"default","site-content-layout":"default","ast-site-content-layout":"default","site-content-style":"default","site-sidebar-style":"default","ast-global-header-display":"","ast-banner-title-visibility":"","ast-main-header-display":"","ast-hfb-above-header-display":"","ast-hfb-below-header-display":"","ast-hfb-mobile-header-display":"","site-post-title":"","ast-breadcrumbs-content":"","ast-featured-img":"","footer-sml-layout":"","ast-disable-related-posts":"","theme-transparent-header-meta":"default","adv-header-id-meta":"","stick-header-meta":"default","header-above-stick-meta":"","header-main-stick-meta":"","header-below-stick-meta":"","astra-migrate-meta-layouts":"default","ast-page-background-enabled":"default","ast-page-background-meta":{"desktop":{"background-color":"","background-image":"","background-repeat":"repeat","background-position":"center center","background-size":"auto","background-attachment":"scroll","background-type":"","background-media":"","overlay-type":"","overlay-color":"","overlay-opacity":"","overlay-gradient":""},"tablet":{"background-color":"","background-image":"","background-repeat":"repeat","background-position":"center center","background-size":"auto","background-attachment":"scroll","background-type":"","background-media":"","overlay-type":"","overlay-color":"","overlay-opacity":"","overlay-gradient":""},"mobile":{"background-color":"","background-image":"","background-repeat":"repeat","background-position":"center center","background-size":"auto","background-attachment":"scroll","background-type":"","background-media":"","overlay-type":"","overlay-color":"","overlay-opacity":"","overlay-gradient":""}},"ast-content-background-meta":{"desktop":{"background-color":"var(--ast-global-color-5)","background-image":"","background-repeat":"repeat","background-position":"center center","background-size":"auto","background-attachment":"scroll","background-type":"","background-media":"","overlay-type":"","overlay-color":"","overlay-opacity":"","overlay-gradient":""},"tablet":{"background-color":"var(--ast-global-color-5)","background-image":"","background-repeat":"repeat","background-position":"center center","background-size":"auto","background-attachment":"scroll","background-type":"","background-media":"","overlay-type":"","overlay-color":"","overlay-opacity":"","overlay-gradient":""},"mobile":{"background-color":"var(--ast-global-color-5)","background-image":"","background-repeat":"repeat","background-position":"center center","background-size":"auto","background-attachment":"scroll","background-type":"","background-media":"","overlay-type":"","overlay-color":"","overlay-opacity":"","overlay-gradient":""}}},"product_brand":[],"product_cat":[907,910,564],"product_tag":[983,1013,1005,996,1001],"class_list":{"0":"post-10614","1":"product","2":"type-product","3":"status-publish","4":"has-post-thumbnail","6":"product_cat-audi","7":"product_cat-rs6","8":"product_cat-soiduki-jargi","9":"product_tag-audi","10":"product_tag-karterituulutus","11":"product_tag-lodvik","12":"product_tag-silikoon","13":"product_tag-voolikud","14":"desktop-align-center","15":"tablet-align-left","16":"mobile-align-left","17":"ast-product-gallery-layout-horizontal-slider","18":"ast-product-tabs-layout-horizontal","20":"first","21":"onbackorder","22":"taxable","23":"shipping-taxable","24":"purchasable","25":"product-type-simple"},"_links":{"self":[{"href":"https:\/\/boostshop.ee\/en\/wp-json\/wp\/v2\/product\/10614","targetHints":{"allow":["GET"]}}],"collection":[{"href":"https:\/\/boostshop.ee\/en\/wp-json\/wp\/v2\/product"}],"about":[{"href":"https:\/\/boostshop.ee\/en\/wp-json\/wp\/v2\/types\/product"}],"version-history":[{"count":1,"href":"https:\/\/boostshop.ee\/en\/wp-json\/wp\/v2\/product\/10614\/revisions"}],"predecessor-version":[{"id":10617,"href":"https:\/\/boostshop.ee\/en\/wp-json\/wp\/v2\/product\/10614\/revisions\/10617"}],"wp:featuredmedia":[{"embeddable":true,"href":"https:\/\/boostshop.ee\/en\/wp-json\/wp\/v2\/media\/10616"}],"wp:attachment":[{"href":"https:\/\/boostshop.ee\/en\/wp-json\/wp\/v2\/media?parent=10614"}],"wp:term":[{"taxonomy":"product_brand","embeddable":true,"href":"https:\/\/boostshop.ee\/en\/wp-json\/wp\/v2\/product_brand?post=10614"},{"taxonomy":"product_cat","embeddable":true,"href":"https:\/\/boostshop.ee\/en\/wp-json\/wp\/v2\/product_cat?post=10614"},{"taxonomy":"product_tag","embeddable":true,"href":"https:\/\/boostshop.ee\/en\/wp-json\/wp\/v2\/product_tag?post=10614"}],"curies":[{"name":"wp","href":"https:\/\/api.w.org\/{rel}","templated":true}]}}