{"id":10597,"date":"2021-05-09T12:02:43","date_gmt":"2021-05-09T10:02:43","guid":{"rendered":"https:\/\/boostshop.ee\/?post_type=product&#038;p=10597"},"modified":"2023-08-10T21:04:42","modified_gmt":"2023-08-10T19:04:42","slug":"audi-rs6-c5-2002-2004-survevoolikud-mustad","status":"publish","type":"product","link":"https:\/\/boostshop.ee\/en\/product\/audi-rs6-c5-2002-2004-survevoolikud-mustad\/","title":{"rendered":"AUDI RS6 C5 2002-2004 PRESSURE HOSES, BLACK"},"content":{"rendered":"<p>Sobib: Audi RS6 C5<br \/>\nMudeliaastad: 2002-2004<br \/>\nMootor: 4,2 V8 Bi-Turbo<\/p>\n<p>Komplektis voolikud: <\/p>\n<p>Turbo sisselaskevoolik<br \/>\nViide: 77129628<\/p>\n<p>Turbo v\u00e4ljalaskevoolik<br \/>\nViide: 077145671A<\/p>\n<p>Intercooleri sisselaskevoolik<br \/>\nViide: 77145719<\/p>\n<p>Intercooleri v\u00e4ljalaskevoolik<br \/>\nViide: 077145745B<\/p>\n<p>Turbo sisselaskevoolik<br \/>\nViide: 77129628<\/p>\n<p>Turbo v\u00e4ljalaskevoolik<br \/>\nViide: 077145672C<\/p>\n<p>Intercooleri sisselaskevoolik<br \/>\nViide: 77145720<\/p>\n<p>Intercooleri v\u00e4ljalaskevoolik<br \/>\nViide: 077145746G<\/p>","protected":false},"excerpt":{"rendered":"<p>Sobib: Audi RS6 C5 Mudeliaastad: 2002-2004 Mootor: 4,2 V8 Bi-Turbo Komplektis voolikud: Turbo sisselaskevoolik Viide: 77129628 Turbo v\u00e4ljalaskevoolik Viide: 077145671A Intercooleri sisselaskevoolik Viide: 77145719 Intercooleri v\u00e4ljalaskevoolik Viide: 077145745B Turbo sisselaskevoolik Viide: 77129628 Turbo v\u00e4ljalaskevoolik Viide: 077145672C Intercooleri sisselaskevoolik Viide: 77145720 Intercooleri v\u00e4ljalaskevoolik Viide: 077145746G<\/p>","protected":false},"featured_media":10599,"template":"","meta":{"site-sidebar-layout":"default","site-content-layout":"default","ast-site-content-layout":"default","site-content-style":"default","site-sidebar-style":"default","ast-global-header-display":"","ast-banner-title-visibility":"","ast-main-header-display":"","ast-hfb-above-header-display":"","ast-hfb-below-header-display":"","ast-hfb-mobile-header-display":"","site-post-title":"","ast-breadcrumbs-content":"","ast-featured-img":"","footer-sml-layout":"","ast-disable-related-posts":"","theme-transparent-header-meta":"default","adv-header-id-meta":"","stick-header-meta":"default","header-above-stick-meta":"","header-main-stick-meta":"","header-below-stick-meta":"","astra-migrate-meta-layouts":"default","ast-page-background-enabled":"default","ast-page-background-meta":{"desktop":{"background-color":"","background-image":"","background-repeat":"repeat","background-position":"center center","background-size":"auto","background-attachment":"scroll","background-type":"","background-media":"","overlay-type":"","overlay-color":"","overlay-opacity":"","overlay-gradient":""},"tablet":{"background-color":"","background-image":"","background-repeat":"repeat","background-position":"center center","background-size":"auto","background-attachment":"scroll","background-type":"","background-media":"","overlay-type":"","overlay-color":"","overlay-opacity":"","overlay-gradient":""},"mobile":{"background-color":"","background-image":"","background-repeat":"repeat","background-position":"center center","background-size":"auto","background-attachment":"scroll","background-type":"","background-media":"","overlay-type":"","overlay-color":"","overlay-opacity":"","overlay-gradient":""}},"ast-content-background-meta":{"desktop":{"background-color":"var(--ast-global-color-5)","background-image":"","background-repeat":"repeat","background-position":"center center","background-size":"auto","background-attachment":"scroll","background-type":"","background-media":"","overlay-type":"","overlay-color":"","overlay-opacity":"","overlay-gradient":""},"tablet":{"background-color":"var(--ast-global-color-5)","background-image":"","background-repeat":"repeat","background-position":"center center","background-size":"auto","background-attachment":"scroll","background-type":"","background-media":"","overlay-type":"","overlay-color":"","overlay-opacity":"","overlay-gradient":""},"mobile":{"background-color":"var(--ast-global-color-5)","background-image":"","background-repeat":"repeat","background-position":"center center","background-size":"auto","background-attachment":"scroll","background-type":"","background-media":"","overlay-type":"","overlay-color":"","overlay-opacity":"","overlay-gradient":""}}},"product_brand":[],"product_cat":[907,910,564],"product_tag":[],"class_list":{"0":"post-10597","1":"product","2":"type-product","3":"status-publish","4":"has-post-thumbnail","6":"product_cat-audi","7":"product_cat-rs6","8":"product_cat-soiduki-jargi","9":"desktop-align-center","10":"tablet-align-left","11":"mobile-align-left","12":"ast-product-gallery-layout-horizontal-slider","13":"ast-product-tabs-layout-horizontal","15":"first","16":"onbackorder","17":"taxable","18":"shipping-taxable","19":"purchasable","20":"product-type-simple"},"_links":{"self":[{"href":"https:\/\/boostshop.ee\/en\/wp-json\/wp\/v2\/product\/10597","targetHints":{"allow":["GET"]}}],"collection":[{"href":"https:\/\/boostshop.ee\/en\/wp-json\/wp\/v2\/product"}],"about":[{"href":"https:\/\/boostshop.ee\/en\/wp-json\/wp\/v2\/types\/product"}],"version-history":[{"count":1,"href":"https:\/\/boostshop.ee\/en\/wp-json\/wp\/v2\/product\/10597\/revisions"}],"predecessor-version":[{"id":10600,"href":"https:\/\/boostshop.ee\/en\/wp-json\/wp\/v2\/product\/10597\/revisions\/10600"}],"wp:featuredmedia":[{"embeddable":true,"href":"https:\/\/boostshop.ee\/en\/wp-json\/wp\/v2\/media\/10599"}],"wp:attachment":[{"href":"https:\/\/boostshop.ee\/en\/wp-json\/wp\/v2\/media?parent=10597"}],"wp:term":[{"taxonomy":"product_brand","embeddable":true,"href":"https:\/\/boostshop.ee\/en\/wp-json\/wp\/v2\/product_brand?post=10597"},{"taxonomy":"product_cat","embeddable":true,"href":"https:\/\/boostshop.ee\/en\/wp-json\/wp\/v2\/product_cat?post=10597"},{"taxonomy":"product_tag","embeddable":true,"href":"https:\/\/boostshop.ee\/en\/wp-json\/wp\/v2\/product_tag?post=10597"}],"curies":[{"name":"wp","href":"https:\/\/api.w.org\/{rel}","templated":true}]}}