{"id":10580,"date":"2021-05-09T11:31:56","date_gmt":"2021-05-09T09:31:56","guid":{"rendered":"https:\/\/boostshop.ee\/?post_type=product&#038;p=10580"},"modified":"2026-04-16T20:21:09","modified_gmt":"2026-04-16T18:21:09","slug":"audi-quattro-20v-survevoolikud-mustad","status":"publish","type":"product","link":"https:\/\/boostshop.ee\/en\/product\/audi-quattro-20v-survevoolikud-mustad\/","title":{"rendered":"AUDI QUATTRO 20V PRESSURE HOSES, BLACK"},"content":{"rendered":"<p>Sobib: Audi Ur-Quattro<br \/>\nMudeliaastad: 1989-1992<br \/>\nMootor: 2,2 Turbo 20V 220hj<br \/>\nMootori kood: RR<\/p>\n<p>Komplektis voolikud: <\/p>\n<p>Turbo v\u00e4ljalaskevoolik<br \/>\nViide: 034145746L<\/p>\n<p>Intercooleri v\u00e4ljalaskevoolik<br \/>\nViide: 035145720A<\/p>\n<p>Drosseli korpuse voolik<br \/>\nViide: 034133649B, 034133649C<\/p>\n<p>T\u00fchik\u00e4iguvooliku voolik<br \/>\nViide: 034133997L<\/p>\n<p>T\u00fchik\u00e4iguvooliku voolik<br \/>\nViide:?<\/p>","protected":false},"excerpt":{"rendered":"<p>Sobib: Audi Ur-Quattro Mudeliaastad: 1989-1992 Mootor: 2,2 Turbo 20V 220hj Mootori kood: RR Komplektis voolikud: Turbo v\u00e4ljalaskevoolik Viide: 034145746L Intercooleri v\u00e4ljalaskevoolik Viide: 035145720A Drosseli korpuse voolik Viide: 034133649B, 034133649C T\u00fchik\u00e4iguvooliku voolik Viide: 034133997L T\u00fchik\u00e4iguvooliku voolik Viide:?<\/p>","protected":false},"featured_media":10584,"template":"","meta":{"site-sidebar-layout":"default","site-content-layout":"default","ast-site-content-layout":"default","site-content-style":"default","site-sidebar-style":"default","ast-global-header-display":"","ast-banner-title-visibility":"","ast-main-header-display":"","ast-hfb-above-header-display":"","ast-hfb-below-header-display":"","ast-hfb-mobile-header-display":"","site-post-title":"","ast-breadcrumbs-content":"","ast-featured-img":"","footer-sml-layout":"","ast-disable-related-posts":"","theme-transparent-header-meta":"default","adv-header-id-meta":"","stick-header-meta":"default","header-above-stick-meta":"","header-main-stick-meta":"","header-below-stick-meta":"","astra-migrate-meta-layouts":"default","ast-page-background-enabled":"default","ast-page-background-meta":{"desktop":{"background-color":"","background-image":"","background-repeat":"repeat","background-position":"center center","background-size":"auto","background-attachment":"scroll","background-type":"","background-media":"","overlay-type":"","overlay-color":"","overlay-opacity":"","overlay-gradient":""},"tablet":{"background-color":"","background-image":"","background-repeat":"repeat","background-position":"center center","background-size":"auto","background-attachment":"scroll","background-type":"","background-media":"","overlay-type":"","overlay-color":"","overlay-opacity":"","overlay-gradient":""},"mobile":{"background-color":"","background-image":"","background-repeat":"repeat","background-position":"center center","background-size":"auto","background-attachment":"scroll","background-type":"","background-media":"","overlay-type":"","overlay-color":"","overlay-opacity":"","overlay-gradient":""}},"ast-content-background-meta":{"desktop":{"background-color":"var(--ast-global-color-5)","background-image":"","background-repeat":"repeat","background-position":"center center","background-size":"auto","background-attachment":"scroll","background-type":"","background-media":"","overlay-type":"","overlay-color":"","overlay-opacity":"","overlay-gradient":""},"tablet":{"background-color":"var(--ast-global-color-5)","background-image":"","background-repeat":"repeat","background-position":"center center","background-size":"auto","background-attachment":"scroll","background-type":"","background-media":"","overlay-type":"","overlay-color":"","overlay-opacity":"","overlay-gradient":""},"mobile":{"background-color":"var(--ast-global-color-5)","background-image":"","background-repeat":"repeat","background-position":"center center","background-size":"auto","background-attachment":"scroll","background-type":"","background-media":"","overlay-type":"","overlay-color":"","overlay-opacity":"","overlay-gradient":""}}},"product_brand":[],"product_cat":[907,564,908],"product_tag":[],"class_list":{"0":"post-10580","1":"product","2":"type-product","3":"status-publish","4":"has-post-thumbnail","6":"product_cat-audi","7":"product_cat-soiduki-jargi","8":"product_cat-ur-quattro","9":"desktop-align-center","10":"tablet-align-left","11":"mobile-align-left","12":"ast-product-gallery-layout-horizontal-slider","13":"ast-product-tabs-layout-horizontal","15":"first","16":"onbackorder","17":"taxable","18":"shipping-taxable","19":"purchasable","20":"product-type-simple"},"jetpack_sharing_enabled":true,"_links":{"self":[{"href":"https:\/\/boostshop.ee\/en\/wp-json\/wp\/v2\/product\/10580","targetHints":{"allow":["GET"]}}],"collection":[{"href":"https:\/\/boostshop.ee\/en\/wp-json\/wp\/v2\/product"}],"about":[{"href":"https:\/\/boostshop.ee\/en\/wp-json\/wp\/v2\/types\/product"}],"version-history":[{"count":1,"href":"https:\/\/boostshop.ee\/en\/wp-json\/wp\/v2\/product\/10580\/revisions"}],"predecessor-version":[{"id":10585,"href":"https:\/\/boostshop.ee\/en\/wp-json\/wp\/v2\/product\/10580\/revisions\/10585"}],"wp:featuredmedia":[{"embeddable":true,"href":"https:\/\/boostshop.ee\/en\/wp-json\/wp\/v2\/media\/10584"}],"wp:attachment":[{"href":"https:\/\/boostshop.ee\/en\/wp-json\/wp\/v2\/media?parent=10580"}],"wp:term":[{"taxonomy":"product_brand","embeddable":true,"href":"https:\/\/boostshop.ee\/en\/wp-json\/wp\/v2\/product_brand?post=10580"},{"taxonomy":"product_cat","embeddable":true,"href":"https:\/\/boostshop.ee\/en\/wp-json\/wp\/v2\/product_cat?post=10580"},{"taxonomy":"product_tag","embeddable":true,"href":"https:\/\/boostshop.ee\/en\/wp-json\/wp\/v2\/product_tag?post=10580"}],"curies":[{"name":"wp","href":"https:\/\/api.w.org\/{rel}","templated":true}]}}