{"id":6102,"date":"2020-07-16T09:37:05","date_gmt":"2020-07-16T09:37:05","guid":{"rendered":"https:\/\/boostshop.ee\/?page_id=6102"},"modified":"2021-04-29T10:15:32","modified_gmt":"2021-04-29T08:15:32","slug":"tarnetingimused","status":"publish","type":"page","link":"https:\/\/boostshop.ee\/en\/tarnetingimused\/","title":{"rendered":"Delivery conditions"},"content":{"rendered":"<div data-elementor-type=\"wp-page\" data-elementor-id=\"6102\" class=\"elementor elementor-6102\" data-elementor-post-type=\"page\">\n\t\t\t\t\t\t<section class=\"elementor-section elementor-top-section elementor-element elementor-element-ec7548c elementor-section-boxed elementor-section-height-default elementor-section-height-default\" data-id=\"ec7548c\" data-element_type=\"section\" data-e-type=\"section\">\n\t\t\t\t\t\t<div class=\"elementor-container elementor-column-gap-default\">\n\t\t\t\t\t<div class=\"elementor-column elementor-col-100 elementor-top-column elementor-element elementor-element-8053ac4\" data-id=\"8053ac4\" data-element_type=\"column\" data-e-type=\"column\">\n\t\t\t<div class=\"elementor-widget-wrap elementor-element-populated\">\n\t\t\t\t\t\t<div class=\"elementor-element elementor-element-1a3682b elementor-widget elementor-widget-spacer\" data-id=\"1a3682b\" data-element_type=\"widget\" data-e-type=\"widget\" data-widget_type=\"spacer.default\">\n\t\t\t\t<div class=\"elementor-widget-container\">\n\t\t\t\t\t\t\t<div class=\"elementor-spacer\">\n\t\t\t<div class=\"elementor-spacer-inner\"><\/div>\n\t\t<\/div>\n\t\t\t\t\t\t<\/div>\n\t\t\t\t<\/div>\n\t\t\t\t<div class=\"elementor-element elementor-element-c7579d5 elementor-widget elementor-widget-heading\" data-id=\"c7579d5\" data-element_type=\"widget\" data-e-type=\"widget\" data-widget_type=\"heading.default\">\n\t\t\t\t<div class=\"elementor-widget-container\">\n\t\t\t\t\t<h2 class=\"elementor-heading-title elementor-size-default\">Delivery conditions<\/h2>\t\t\t\t<\/div>\n\t\t\t\t<\/div>\n\t\t\t\t\t<\/div>\n\t\t<\/div>\n\t\t\t\t\t<\/div>\n\t\t<\/section>\n\t\t\t\t<section class=\"elementor-section elementor-top-section elementor-element elementor-element-f54ea85 elementor-section-boxed elementor-section-height-default elementor-section-height-default\" data-id=\"f54ea85\" data-element_type=\"section\" data-e-type=\"section\">\n\t\t\t\t\t\t<div class=\"elementor-container elementor-column-gap-default\">\n\t\t\t\t\t<div class=\"elementor-column elementor-col-100 elementor-top-column elementor-element elementor-element-3a8edba\" data-id=\"3a8edba\" data-element_type=\"column\" data-e-type=\"column\">\n\t\t\t<div class=\"elementor-widget-wrap elementor-element-populated\">\n\t\t\t\t\t\t<div class=\"elementor-element elementor-element-39b0d5e elementor-widget elementor-widget-text-editor\" data-id=\"39b0d5e\" data-element_type=\"widget\" data-e-type=\"widget\" data-widget_type=\"text-editor.default\">\n\t\t\t\t<div class=\"elementor-widget-container\">\n\t\t\t\t\t\t\t\t\t<p>\u00a0<\/p><p>Boostshop.ee veebipoest saab pakke tellida Eesti Vabariigi aadressidele. Pakid tarnitakse kliendile kliendi poolt valitud Eesti Vabariigis asuvasse Omniva Pakiautomaati.<\/p><p>Pakume transporti ainult l\u00e4bi Omniva Pakiautomaadi teenuse:<\/p><p><strong>Omniva pakiautomaat &#8211; hind 3.60\u20ac<\/strong><br \/>Tooted j\u00f5uavad Teie valitud pakiautomaati kuni 10 t\u00f6\u00f6p\u00e4eva jooksul alates tellimuse kinnituse saamisest.<br \/>Toote kohalej\u00f5udmisest pakiautomaati teavitatakse Teid SMS-iga, mis sisaldab uksekoodi, pakiautomaadi asukohta, tagastuskoodi ning hoiut\u00e4htaja l\u00f5ppu.<br \/>Automaadid on avatud 24 tundi ja asuvad tavaliselt erinevate kaubanduskeskuste sissep\u00e4\u00e4sude vahetus l\u00e4heduses.<\/p><p>Klient on kohustatud s\u00e4ilitama Toote pakendil oleva triipkoodi kuni 14-p\u00e4evase tagastusperioodi l\u00f5puni. Kliendil on v\u00f5imalik Toode vajadusel \u00fcmber vahetada v\u00f5i tagastada, kasutades selleks nimetatud triipkoodi.<\/p><p>Klient on kohustatud enne tellimuse vormistamist kontrollima esitatavate kontaktandmete \u00f5igsust, v\u00e4ltimaks viivitusi ja arusaamatusi Toodete kohaletoimetamisel.<br \/>M\u00fc\u00fcja ei vastuta Toodete kohaletoimetamisel tekkinud viivituste ja arusaamatuste eest juhul, kui viivitus v\u00f5i arusaamatus on tingitud Kliendi poolt tellimuse vormistamisel esitatud andmete ebat\u00e4psusest v\u00f5i -\u00f5igsusest.<\/p><p>Juhul, kui Toode ei j\u00f5ua Kliendini heas seisukorras ja kinnises pakendis, on Klient kohustatud sellest E-poodi teavitama, saates vastavasisulise kirja e-posti aadressile: info@boostshop.ee v\u00f5i helistades +372 5664 0773.<\/p><p>Boostshop O\u00dc\u00a0<\/p>\t\t\t\t\t\t\t\t<\/div>\n\t\t\t\t<\/div>\n\t\t\t\t\t<\/div>\n\t\t<\/div>\n\t\t\t\t\t<\/div>\n\t\t<\/section>\n\t\t\t\t<\/div>","protected":false},"excerpt":{"rendered":"<p>Tarnetingimused \u00a0 Boostshop.ee veebipoest saab pakke tellida Eesti Vabariigi aadressidele. Pakid tarnitakse kliendile kliendi poolt valitud Eesti Vabariigis asuvasse Omniva Pakiautomaati. Pakume transporti ainult l\u00e4bi Omniva Pakiautomaadi teenuse: Omniva pakiautomaat &#8211; hind 3.60\u20acTooted j\u00f5uavad Teie valitud pakiautomaati kuni 10 t\u00f6\u00f6p\u00e4eva jooksul alates tellimuse kinnituse saamisest.Toote kohalej\u00f5udmisest pakiautomaati teavitatakse Teid SMS-iga, mis sisaldab uksekoodi, pakiautomaadi asukohta, [&hellip;]<\/p>\n","protected":false},"author":1,"featured_media":0,"parent":0,"menu_order":0,"comment_status":"closed","ping_status":"closed","template":"elementor_header_footer","meta":{"site-sidebar-layout":"no-sidebar","site-content-layout":"plain-container","ast-site-content-layout":"default","site-content-style":"default","site-sidebar-style":"default","ast-global-header-display":"","ast-banner-title-visibility":"","ast-main-header-display":"","ast-hfb-above-header-display":"","ast-hfb-below-header-display":"","ast-hfb-mobile-header-display":"","site-post-title":"disabled","ast-breadcrumbs-content":"disabled","ast-featured-img":"disabled","footer-sml-layout":"","ast-disable-related-posts":"","theme-transparent-header-meta":"default","adv-header-id-meta":"","stick-header-meta":"default","header-above-stick-meta":"","header-main-stick-meta":"","header-below-stick-meta":"","astra-migrate-meta-layouts":"default","ast-page-background-enabled":"default","ast-page-background-meta":{"desktop":{"background-color":"","background-image":"","background-repeat":"repeat","background-position":"center center","background-size":"auto","background-attachment":"scroll","background-type":"","background-media":"","overlay-type":"","overlay-color":"","overlay-opacity":"","overlay-gradient":""},"tablet":{"background-color":"","background-image":"","background-repeat":"repeat","background-position":"center center","background-size":"auto","background-attachment":"scroll","background-type":"","background-media":"","overlay-type":"","overlay-color":"","overlay-opacity":"","overlay-gradient":""},"mobile":{"background-color":"","background-image":"","background-repeat":"repeat","background-position":"center center","background-size":"auto","background-attachment":"scroll","background-type":"","background-media":"","overlay-type":"","overlay-color":"","overlay-opacity":"","overlay-gradient":""}},"ast-content-background-meta":{"desktop":{"background-color":"var(--ast-global-color-5)","background-image":"","background-repeat":"repeat","background-position":"center center","background-size":"auto","background-attachment":"scroll","background-type":"","background-media":"","overlay-type":"","overlay-color":"","overlay-opacity":"","overlay-gradient":""},"tablet":{"background-color":"var(--ast-global-color-5)","background-image":"","background-repeat":"repeat","background-position":"center center","background-size":"auto","background-attachment":"scroll","background-type":"","background-media":"","overlay-type":"","overlay-color":"","overlay-opacity":"","overlay-gradient":""},"mobile":{"background-color":"var(--ast-global-color-5)","background-image":"","background-repeat":"repeat","background-position":"center center","background-size":"auto","background-attachment":"scroll","background-type":"","background-media":"","overlay-type":"","overlay-color":"","overlay-opacity":"","overlay-gradient":""}},"footnotes":""},"class_list":["post-6102","page","type-page","status-publish","hentry"],"_links":{"self":[{"href":"https:\/\/boostshop.ee\/en\/wp-json\/wp\/v2\/pages\/6102","targetHints":{"allow":["GET"]}}],"collection":[{"href":"https:\/\/boostshop.ee\/en\/wp-json\/wp\/v2\/pages"}],"about":[{"href":"https:\/\/boostshop.ee\/en\/wp-json\/wp\/v2\/types\/page"}],"author":[{"embeddable":true,"href":"https:\/\/boostshop.ee\/en\/wp-json\/wp\/v2\/users\/1"}],"replies":[{"embeddable":true,"href":"https:\/\/boostshop.ee\/en\/wp-json\/wp\/v2\/comments?post=6102"}],"version-history":[{"count":13,"href":"https:\/\/boostshop.ee\/en\/wp-json\/wp\/v2\/pages\/6102\/revisions"}],"predecessor-version":[{"id":8794,"href":"https:\/\/boostshop.ee\/en\/wp-json\/wp\/v2\/pages\/6102\/revisions\/8794"}],"wp:attachment":[{"href":"https:\/\/boostshop.ee\/en\/wp-json\/wp\/v2\/media?parent=6102"}],"curies":[{"name":"wp","href":"https:\/\/api.w.org\/{rel}","templated":true}]}}