{"id":367,"date":"2019-12-19T19:35:40","date_gmt":"2019-12-19T19:35:40","guid":{"rendered":"https:\/\/boostshop.ee\/?page_id=367"},"modified":"2021-04-29T10:12:39","modified_gmt":"2021-04-29T08:12:39","slug":"ostutingimused","status":"publish","type":"page","link":"https:\/\/boostshop.ee\/en\/ostutingimused\/","title":{"rendered":"Terms of purchase"},"content":{"rendered":"<p>OSTUTINGIMUSED<br>Seisuga 19.12.2019<br><\/p>\n\n\n\n<h2 class=\"wp-block-heading\">1. Tingimuste ulatus ja kehtivus<\/h2>\n\n\n\n<p>1.1 K\u00e4esolevad Boostshop O\u00dc (edaspidi M\u00fc\u00fcja) e-poe \u00fcld- ja tellimistingimused (edaspidi nimetatud Tingimused) kehtivad k\u00f5ikide isikute suhtes (edaspidi Ostja), kes kasutavad www.boostshop.ee e-poodi (edaspidi e-pood), tellivad e-poest kaupu ja teenuseid (edaspidi Kaup), sealhulgas s\u00f5lmides e-poest kauba ostmiseks ostu- m\u00fc\u00fcgilepingu (edaspidi M\u00fc\u00fcgileping).<br>1.2 Tingimuste aktsepteerimisega kinnitab Ostja, et ta on M\u00fc\u00fcgilepingu tingimustega tutvunud, nendega n\u00f5us ja t\u00e4idab neid.<br><\/p>\n\n\n\n<h2 class=\"wp-block-heading\">2. Kaupade ostmine ja tellimuse vormistamine e-poes<\/h2>\n\n\n\n<p>2.1&nbsp;<strong>Kauba ostmine<\/strong><br>E-poest on v\u00f5imalik osta neid Kaupu, millel on link \u201eLisa korvi\u201c. Kauba hind ja Kauba saadavus v\u00f5ivad jooksvalt ja ette teatamata muutuda. Kui Ostja on esitanud tellimuse enne Kauba hinna muutumist, rakendub tellimuse hetkel kehtinud hind.<\/p>\n\n\n\n<p>Boostshop.ee lehel toimub arveldus vaid Eurodes.<br><br><strong>2.2 M\u00fc\u00fcjal on \u00f5igus e-poe vahendusel s\u00f5lmitud M\u00fc\u00fcgilepingust taganeda ning tellitud Kaup j\u00e4tta \u00fcle andmata v\u00f5i teenus osutamata j\u00e4rgnevatel juhtudel:<\/strong><br>Kaup on laost otsa saanud; tegemist on e-poe \u201eTellimisel\u201c staatusega Kaubaga, mis on laost otsa saanud; Kauba hinda v\u00f5i omadusi on e-poes kuvatud valesti s\u00fcsteemivea t\u00f5ttu.<br><br><strong>2.3 Ostukorv ja tellimuse vormistamine<\/strong><br>Ostukorvis olevate Kaupade kogust v\u00f5ib muuta. Ostukorvis on v\u00f5imalik valida juurde ka valitud Kaubaga kokkusobivaid tooteid ning teenuseid, vajutades nupul \u201eN\u00e4ita kokkusobivaid tooteid\u201c. Kauba tellimiseks tuleb valida sobiv tarneviis. Tarneviisi t\u00e4psustused k\u00fcsitakse edaspidi tellimuse vormistamise lehel. E-poe ostutingimustega saab tutvuda ning nendega n\u00f5ustumisel kinnitatakse seda, tehes m\u00e4rke (\u201elinnuke\u201c) tingimuste ette.<br><br>Tellimuse kinnitamiseks tuleb Ostjal vajutada nupul \u201eEsita tellimus\u201c ning Ostja suunatakse makseviisi lehele, kus tuleb valida sobiv makseviis. Makseviisi saab Ostja muuta ka tellimuse viimases etapis. Sisestada tuleb Ostja andmed. J\u00e4rgmises etapis saab Ostja valida tarneviisi ning vajutada nuppu \u201cEdasi\u201d. J\u00e4rgnevalt ilmub Tellimuse kinnitamiseks ja ostu sooritamiseks vajalik l\u00f5plik makseviisi valik. Ostja saab valida makseviisi ning tasuda oma ostu eest. Tellimuse vormistamisel tuleb Ostjal olla t\u00e4helepanelik, sest sellest s\u00f5ltub tellitud toodete kiire ja h\u00e4ireteta kohaletoimetamine.<br>M\u00fc\u00fcgileping loetakse s\u00f5lmituks arvates tellimuse kinnituse j\u00e4rgi tasumisele kuuluva summa laekumisest Boostshop O\u00dc arvelduskontole. Tasumata tellimuse kinnitust M\u00fc\u00fcja poolt ei t\u00e4ideta.<br><br><strong>2.4 Kaupade eest tasumine<\/strong><br>Kaupade eest on v\u00f5imalik tasuda: internetipanga kaudu (Swedbank, SEB, Luminor , LHV Pank pangalinkide kaudu).<\/p>\n\n\n\n<p>K\u00f5iki Boostshop.ee lehel tehtavaid makseid vahendab Maksekeskus AS.<br><br>Kinkekaardi ja krediitkaardiga on v\u00f5imalik tasuda, vajutades vastaval makseviisil ning j\u00e4rgides ekraanile kuvatavaid juhtn\u00f6\u00f6re.<br><br>Peale makse sooritamist saadab e-pood Ostjale Tellimusekinnituse ning arve.<br><br>K\u00f5iki Boostshop O\u00dc e-poe k\u00fclastamise ja ostude sooritamise k\u00e4igus teatavaks saanud isikuandmeid k\u00e4sitletakse kui konfidentsiaalset infot. Kr\u00fcpteeritud andmesidekanal pankadega tagab Ostja isikuandmete ja pangarekvisiitide turvalisuse. Boostshop O\u00dc esindajatel puudub ligip\u00e4\u00e4s vastavatele kr\u00fcpteeritud andmetele.<br><br><strong>2.5 Toodete kohaletoimetamine ja \u00fcleandmine<\/strong><br>Kaup toimetatakse Ostja poolt tellimuses sisestatud tarneaadressile. Tarne teostamise kohta teavitatakse Ostjat tellimuse vormistamisel m\u00e4rgitud kontaktandmete vahendusel. Tellitud Kauba transport teostatakse vastavalt tellimuse vormistamise hetkel kehtivatele transporditingimustele.<br><br>Tellimuse vormistamisel tuleks Ostjal j\u00e4lgida esitatavate kontaktandmete \u00f5igsust, v\u00e4ltimaks viivitusi ja arusaamatusi Kauba kohaletoimetamisel. Boostshop O\u00dc ja kullerfirma ei vastuta Kauba kohaletoimetamise viivituse ja tekkinud arusaamatuste eest juhul, kui viivitus v\u00f5i arusaamatus on tingitud Ostja poolt tellimuse vormistamisel esitatud andmete ebat\u00e4psusest v\u00f5i eba\u00f5igsusest.<br><br>Kaup antakse \u00fcle vaid Ostjale ning saatelehe alusel. Enne kauba k\u00e4ttesaamist, vaadake Kauba pakend hoolikalt \u00fcle ning pakendi kahjustuste korral informeerib Ostja sellest M\u00fc\u00fcjat. Katkise pakendi korral on Ostjal v\u00f5imalik keelduda saadetise vastuv\u00f5tmisest ja\/v\u00f5i teavitades sellest koheselt Boostshop O\u00dc klienditeenindust aadressil info@boostshop.ee.<br><br>Kolmandale isikule antakse Kaup \u00fcle volituse olemasolul (sealhulgas juhul, kui Ostja on m\u00e4\u00e4ranud tellimuses Kauba saajana kolmanda isiku). M\u00fc\u00fcja v\u00f5ib volitada Kauba k\u00e4tte toimetamiseks kolmandaid isikuid (sealhulgas kasutada kullerteenust).<br><br>Kui Ostja ei tule Kaubale j\u00e4rele hiljemalt 14 (neljateistk\u00fcmne) p\u00e4eva jooksul p\u00e4rast kokkulepitud Kauba k\u00e4ttesaamise kuup\u00e4eva, loetakse, et Ostja on M\u00fc\u00fcgilepingut rikkunud ning ta ei soovi Kaupa. M\u00fc\u00fcjal on \u00f5igus M\u00fc\u00fcgilepingust \u00fchepoolselt taganeda ning n\u00f5uda kahju h\u00fcvitamist (n\u00e4iteks kauba hoiukulusid) ja tasaarveldada M\u00fc\u00fcja poolt kantud kahju Ostja poolt ette tasutud summadega.<br><br><strong>2.6 Taganemis\u00f5igus<\/strong><br>K\u00e4esolev taganemise kord ei kehti s\u00f5lmitud tarbijakrediidilepingust taganemise korral. Tarbijakrediidilepingust taganemine toimub nimetatud lepingus m\u00e4\u00e4ratud korras.<br><br>2.6.1 Ostjal on \u00f5igus p\u00f5hjust avaldamata taganeda e-poest s\u00f5lmitud M\u00fc\u00fcgilepingust 14 p\u00e4eva jooksul.<br><br>2.6.2 Taganemist\u00e4htaeg l\u00f5peb 14 p\u00e4eva m\u00f6\u00f6dumisel alates p\u00e4evast mil Ostja v\u00f5i Ostja nimetatud kolmas isik, kes ei ole vedaja, on saanud Kauba f\u00fc\u00fcsiliselt enda valdusesse.<br><br>2.6.3 Taganemis\u00f5iguse kasutamiseks tuleb teavitada M\u00fc\u00fcjat oma otsusest M\u00fc\u00fcgilepingust taganeda kirjaliku avaldusega, mis tuleb esitada M\u00fc\u00fcja esinduses v\u00f5i saata e-postiga.<\/p>\n\n\n\n<p>2.6.4 Kliendile tagastatakse ostu eest tasutud rahasumma samale arveldusarvele mitte hiljem kui 5 t\u00f6\u00f6p\u00e4eva jooksul peale kliendi tellimuse taganemise teatest.<br><br>Kontaktandmed: Boostshop O\u00dc, Tartumaa, Tartu linn, Tartu linn, Oja\u00e4\u00e4re tn 23, 61411<br><br>Taganemisest saab teavitada ka\u00a0klienditeeninduse\u00a0kaudu tel. +372 5664 0773<br><br><strong>2.6.4 Taganemis\u00f5iguse puudumine<\/strong><br><br>Taganemis\u00f5igus puudub juhul, kui Ostjale on tarnitud suletud pakendis Kaup, mis ei ole k\u00f5lbulik tagasisaatmiseks tervisekaitse v\u00f5i h\u00fcgieenilistel p\u00f5hjustel ning mis on p\u00e4rast kohaletoimetamist avatud. M\u00fc\u00fcgilepingu esemeks on kinkekaart ja selles toodud unikaalne kood on juba kasutatud.<br><br>2.6.5 M\u00fc\u00fcgilepingust taganemine<br>1) Lepingust taganemisel tagastab Boostshop O\u00dc Ostjale k\u00f5ik viimaselt saadud M\u00fc\u00fcgilepingu kohased maksed, sealhulgas k\u00e4ttetoimetamise kulud (v\u00e4lja arvatud t\u00e4iendavad kulud, mis tulenevad Ostja valitud k\u00e4ttetoimetamise viisist, mis erineb Boostshop O\u00dc pakutud k\u00f5ige odavamast tavap\u00e4rasest k\u00e4ttetoimetamise viisist) viivitamata, kuid hiljemalt 14 p\u00e4eva m\u00f6\u00f6dumisel alates p\u00e4evast, mil M\u00fc\u00fcja saab teada Ostja otsusest M\u00fc\u00fcgilepingust taganeda.<br><br>2) Boostshop O\u00dc teeb nimetatud tagasimaksed, kasutades sama makseviisi, mida Ostja kasutas makse tegemiseks, v\u00e4lja arvatud juhul, kui Ostja on avaldanud soovi teistsuguse makseviisi kasutamiseks. Ostjale ei kaasne selliste maksete tagastamisega teenustasu ega muud kulu.<br><br>3) Ostja peab Kauba Boostshop O\u00dc tagastama viivitamata, kuid hiljemalt 14 p\u00e4eva m\u00f6\u00f6dumisel p\u00e4evast, mil ta teatas Boostshop O\u00dc-le M\u00fc\u00fcgilepingust taganemisest. T\u00e4htajast on kinni peetud, kui Ostja tagastab M\u00fc\u00fcgilepingu esemeks oleva Kauba enne 14-p\u00e4evase t\u00e4htaja l\u00f5ppu.<br><br>4) M\u00fc\u00fcjal on \u00f5igus keelduda tagasimaksete tegemisest seni, kuni M\u00fc\u00fcja on M\u00fc\u00fcgilepingu esemeks oleva Kauba tagasi saanud v\u00f5i Ostja on esitanud M\u00fc\u00fcjale t\u00f5endid, et ta on Kauba tagasi saatnud, s\u00f5ltuvalt sellest, kumb toimub varem.<br><br>5) Kui Ostja soovib v\u00e4ltida Kauba v\u00e4\u00e4rtuse v\u00e4henemise h\u00fcvitamist, siis tuleb Kaupa kasutada ja proovida nii, nagu seda on v\u00f5imalik teha tavakaupluses ning Kaup tuleb tagastada originaalpakendis ja esialgses komplektsuses (sisaldama k\u00f5iki pakendis olevaid esemeid ning M\u00fc\u00fcgilepinguga seotud kingitusi). Kui Ostja kasutab Kaupa rohkem, kui on vaja teha Kauba olemuses ja toimimises veendumiseks v\u00f5i ei tagasta Kaupa originaalpakendis ja esialgses komplektsuses, siis vastutab Ostja Kauba v\u00e4\u00e4rtuse v\u00e4henemise eest.<br><br>6) Kauba tagastamise otsesed kulud tuleb katta Ostjal.<br><br>7) Tagastamisele kuuluva Kauba halvenemise korra vastutab Ostja Kauba kasutamisest tingitud v\u00e4\u00e4rtuse v\u00e4henemise eest juhul, kui ta on Kaupa kasutanud muul viisil, kui on vaja selle olemuses, omadustes ja toimimises veendumiseks. Selleks, et veenduda Kauba olemuses, omadustes ja toimimises, v\u00f5ib Ostja seda k\u00e4sitseda ja kasutada \u00fcksnes nii nagu tal lubatakse tavap\u00e4raselt seda teha poes.<br><br>8) Kauba v\u00e4\u00e4rtuse v\u00e4henemisest tingitud n\u00f5udeid on Boostshop O\u00dc-l \u00f5igus Ostjale esitada hiljemalt \u00fche kuu jooksul arvates Kauba tagastamisest.<br><br>9) Kui Ostja on tagastatavat Kaupa kasutanud v\u00f5i proovinud muul moel, kui seda oleks lubatud tavap\u00e4raselt teha poes v\u00f5i ta on kasutanud Kaupa rohkem, kui on vaja teha selle olemuses, omadustes ja toimimises veendumiseks, siis vastutab Ostja Kauba v\u00e4\u00e4rtuse v\u00e4henemise eest ning M\u00fc\u00fcjal on \u00f5igus see summa tagastamisele kuuluvast ostuhinnast maha arvata. Juhul kui Ostja ei ole n\u00f5us M\u00fc\u00fcja poolt n\u00e4idatud v\u00e4\u00e4rtuse v\u00e4henemisega, on tal \u00f5igus selle kindlaks tegemiseks p\u00f6\u00f6rduda s\u00f5ltumatu eksperdi poole. S\u00f5ltumatu eksperdi kulud tasub pool, kelle seisukoht ei osutunud p\u00f5hjendatuks. Kui sellise poole v\u00e4lja selgitamine osutub v\u00f5imatuks, siis jagatakse ekspertiisiga seotud kulud Ostja ja M\u00fc\u00fcja vahel pooleks.<br><br><strong>2.7 M\u00fc\u00fcgilepingu t\u00fchistamine<\/strong><br>Ostjal on \u00f5igus t\u00fchistada oma tellimus peale Kauba eest tasumist, kuid enne Kauba kohaletoimetamist ilma lisakuludeta. M\u00fc\u00fcgilepingu\/Tellimuse t\u00fchistamiseks tuleb Ostjal saata vastavasisuline teade koos M\u00fc\u00fcgilepingu numbriga e-posti aadressile info@boostshop.ee. M\u00fc\u00fcgilepingu t\u00fchistamise kohta saadetakse Ostjale kinnitus.<br><br>2.8 M\u00fc\u00fcja poolt m\u00fc\u00fcdavates seadmetes kasutamiseks vajalikke keskkonnaohtlikke kulumaterjale nagu akusid ja patareisid v\u00f5etakse tasuta vastu Boostshop O\u00dc esinduskaupluses.<br><br><\/p>\n\n\n\n<h2 class=\"wp-block-heading\">3. Andmete kaitse ja t\u00f6\u00f6tlemise p\u00f5him\u00f5tted<\/h2>\n\n\n\n<p>3.1 M\u00fc\u00fcja tagab Ostja andmete sh. isikuandmete kaitse ja kasutamise privaatsuspoliitika tingimuste kohaselt ette n\u00e4htud korras. Ostja kinnitab, et on tutvunud ja n\u00f5us privaatsuspoliitika tingimustega. L\u00e4htudes kehtivatest \u00f5igusaktidest ja privaatsuspoliitika tingimustes s\u00e4testatust, on M\u00fc\u00fcjal, Ostja n\u00f5usolekuta, \u00f5igus t\u00f6\u00f6delda andmeid (sealhulgas isikuandmeid) ulatuses, mis on vajalik e-poes kasutamiseks, M\u00fc\u00fcgilepingu t\u00e4itmiseks v\u00f5i M\u00fc\u00fcgilepingu t\u00e4itmise tagamiseks. Muuhulgas on eeltoodust tulenevalt M\u00fc\u00fcjal eraldiseisva n\u00f5usolekuta \u00f5igus: saata Ostjale e-poe teenuste kasutamisega seonduvaid teateid, sh. teateid, mille saatmine on e-poe kasutajate turvalisuse huvides; s\u00e4ilitada Ostjate paremaks teenindamiseks ja tehingute t\u00f5endamiseks e-poodi sisseloginud Ostja tellimuste andmed, sh m\u00f5istliku t\u00e4htaja jooksul ka nende tellimuste kohta, mida Ostja sessiooni k\u00e4igus ei l\u00f5petanud.<br><br>3.2 Kui Ostja on andnud Kliendilepingu s\u00f5lmimisel v\u00f5i muul viisil Ostja poolt tema n\u00f5usoleku andmist kinnitava tahteavalduse tegemisega n\u00f5usoleku andmete turunduslikuks kasutamiseks, kasutab M\u00fc\u00fcja neid andmeid privaatsuspoliitika fikseeritud tingimustel ja eesm\u00e4rgil sh. ka Ostjale teenuste ja kaupade personaalsete otseturundus-, kampaania- ja sooduspakkumiste edastamiseks elektroonilisel teel (nt e-posti v\u00f5i SMS\u00b4iga).<br><br>3.3 Ostjal on igal ajahetkel \u00f5igus v\u00f5tta andmete turunduslikuks kasutamiseks antud n\u00f5usolek tagasi, saates M\u00fc\u00fcjale vastavasisulise e-kirja v\u00f5i edasiste otseturustuspakkumiste saamisest keeldumiseks j\u00e4rgides tema e-postile aadressile saadetud otseturustuspakkumises olevat juhist.<\/p>\n\n\n\n<h2 class=\"wp-block-heading\">4. Vastutus ja vaidluste lahendamine<\/h2>\n\n\n\n<p>4.1 Ostjal on \u00f5igus lepingutingimustele mittevastava Kauba puhul (Kaup on puudustega), esitada M\u00fc\u00fcjale pretensioone m\u00f5istliku aja jooksul alates Kauba \u00fcleandmise p\u00e4evast. Pretensioon tuleb esitada viivitamatult, kuid mitte hiljem kui 2 (kahe) n\u00e4dala jooksul alates Kauba puuduse avastamisest. Puuduse avastamisel peab Ostja kasutusele v\u00f5tma m\u00f5istlikud abin\u00f5ud Kauba s\u00e4ilitamiseks ja kaitsmiseks, sh mitte kasutama puudusega Kaupa, kui Kauba kasutamine halvendab veelgi Kauba seisukorda.<br><br>4.2 Ostjal on v\u00f5imalik Kauba lepingutingimustele mittevastavuse korral tugineda seaduses s\u00e4testatud \u00f5iguskaitsevahenditele sh n\u00f5uda Kauba parandamist, asendamist v\u00f5i taganeda M\u00fc\u00fcgilepingust ja tagastada n\u00f5uetele mittevastav Kaup.<br><br>4.3 Boostshop O\u00dc ei vastuta: Ostja s\u00fc\u00fcl Kauba halvenemise\/kahjustumise eest, puuduste eest, mis on tekkinud Kauba mittekorrap\u00e4rase kasutamise tagaj\u00e4rjel, kauba normaalse f\u00fc\u00fcsilise kulumise eest tavalise kasutamise korral.<br><br>4.4 Kui Kaubale on M\u00fc\u00fcja v\u00f5i tootja poolt antud m\u00fc\u00fcgigarantii, antakse Ostjale garantiitingimused kirjalikult koos Kaubaga ja\/v\u00f5i tehakse need k\u00e4ttesaadavaks elektrooniliselt e-poes.<br><br>4.5 Hilisemate probleemide lahendamiseks peab Ostja s\u00e4ilitama ostudokumendid (arve, leping jne), mis t\u00f5endavad, et Kaup on ostetud M\u00fc\u00fcja e-poest. Ilma m\u00fc\u00fcki t\u00f5endava dokumendita v\u00f5ib M\u00fc\u00fcja\/teenindaja probleemi lahendamata j\u00e4tta.<br><br>4.6 E-poest ostetud Kaupadega seotud pretensioonid saab esitada allj\u00e4rgmiselt: Boostshop O\u00dc, Tartumaa, Tartu linn, Tartu linn, Oja\u00e4\u00e4re tn 23, 61411, e-posti aadressile: info@boostshop.ee.<br><br>4.7 Pretensiooni esitamisel tuleb esitada ka puudusega Kaup. M\u00fc\u00fcja ja Ostja s\u00f5lmivad hooldus- ja remontt\u00f6\u00f6de kokkuleppe, kui Kauba puuduse olemuse ja p\u00f5hjuse v\u00e4ljaselgitamiseks on vaja Kaup saata ekspertiisi.<br><br>4.8 Kauba puuduste lahendamisel l\u00e4htutakse Boostshop O\u00dc pretensioonide esitamise tingimustest, mis on M\u00fc\u00fcgilepingu ning k\u00e4esolevate ostutingimuste lahutamatuks osaks ning on kinnitatud Ostja poolt enne M\u00fc\u00fcgilepingu s\u00f5lmimist.<br><br>4.9 M\u00fc\u00fcja tagab, et e-poes m\u00fc\u00fcdavad Kaubad vastavad Euroopa Liidus kehtivatele standarditele. Nimetatud standardites v\u00e4ljatoodud asjaolusid ei loeta Kauba puuduseks.<br><br>4.10 Teavet tellimuse kohta saab k\u00fcsida: E-P telefonil +372 5664 0773 v\u00f5i e-posti aadressil: info@boostshop.ee.<br><br>4.11. Ostjal on \u00f5igus p\u00f6\u00f6rduda p\u00e4deva j\u00e4relevalveasutuse poole, milleks on Tarbijakaitse ja Tehnilise J\u00e4relevalve Amet aadressil Pronksi 12, 10117 Tallinn, e-post: info@ttja.ee Vaidluse lahendamiseks v\u00f5ib Ostja p\u00f6\u00f6rduda tarbijavaidluste komisjoni poole. Tarbijavaidluste komisjoni p\u00e4devuses on lahendada Ostja ja M\u00fc\u00fcja vahel s\u00f5lmitud lepingust tulenevaid vaidlusi, mida pooled ei suutnud lahendada kokkuleppe teel. Kaebuste lahendamiseks lisainfo https:\/\/komisjon.ee\/et\/avalduse-esitamine<br><\/p>\n\n\n\n<h2 class=\"wp-block-heading\">5. Muud tingimused<\/h2>\n\n\n\n<p>5.1 Tootepildid on illustratiivse t\u00e4hendusega.<br><br>5.2 Kaupade hinnad ning saadavus v\u00f5ivad muutuda ette teatamata. Antud juhul j\u00e4tab Boostshop O\u00dc endale \u00f5iguse loobuda m\u00fc\u00fcgist ning tagastada Ostjale raha tema arvelduskontole m\u00f5istlikult vajaliku aja jooksul.<br><br>5.3 Boostshop O\u00dc e-pood j\u00e4tab endale \u00f5iguse loobuda m\u00fc\u00fcgist, kui Kaubaga on juhtunud m\u00f5ni j\u00e4rgnevatest probleemidest: on juhtunud inimlik eksitus hinna sisestamisel v\u00f5i tehniline viga s\u00fcsteemis (n\u00e4iteks kui 25 EUR\u2019i maksev s\u00fclearvuti on m\u00fc\u00fcgis 2 EUR\u2019iga, on tegemist ilmselge veaga. Sellest tulenevalt eeldame, et Ostja peaks aru saama, et tegemist on veaga ja toode ei kuulu sellise hinnaga m\u00fc\u00fcmisele).<br><br>5.4 Toote infot kontrollitakse ja t\u00e4iustatakse regulaarselt. Andmed v\u00f5ivad olla peale Ostja viimast k\u00fclastust uuenenud. Seoses tootjate andmekaartide puudulikkusega, v\u00f5ib Boostshop O\u00dc e-poe toote infos esineda ebat\u00e4psusi. Antud juhul Boostshop O\u00dc e-pood ei v\u00f5ta vastutust toote andmete \u00f5igsuses. Soovitame Ostjal siiski enne ostu sooritamist v\u00f5imalusel kontrollida tooteinfo t\u00e4psust Boostshop O\u00dc klienditeeninduse telefonil +372 5664 0773.<br><\/p>\n\n\n\n<h2 class=\"wp-block-heading\">6. Tingimuste kehtivus<\/h2>\n\n\n\n<p>6.1 K\u00e4esolevad m\u00fc\u00fcja e-poe tingimused on kehtivad alates 08.12.2019.<\/p>","protected":false},"excerpt":{"rendered":"<p>OSTUTINGIMUSEDSeisuga 19.12.2019 1. Tingimuste ulatus ja kehtivus 1.1 K\u00e4esolevad Boostshop O\u00dc (edaspidi M\u00fc\u00fcja) e-poe \u00fcld- ja tellimistingimused (edaspidi nimetatud Tingimused) kehtivad k\u00f5ikide isikute suhtes (edaspidi Ostja), kes kasutavad www.boostshop.ee e-poodi (edaspidi e-pood), tellivad e-poest kaupu ja teenuseid (edaspidi Kaup), sealhulgas s\u00f5lmides e-poest kauba ostmiseks ostu- m\u00fc\u00fcgilepingu (edaspidi M\u00fc\u00fcgileping).1.2 Tingimuste aktsepteerimisega kinnitab Ostja, et ta on [&hellip;]<\/p>\n","protected":false},"author":1,"featured_media":0,"parent":0,"menu_order":0,"comment_status":"closed","ping_status":"closed","template":"","meta":{"site-sidebar-layout":"default","site-content-layout":"default","ast-site-content-layout":"default","site-content-style":"default","site-sidebar-style":"default","ast-global-header-display":"","ast-banner-title-visibility":"","ast-main-header-display":"","ast-hfb-above-header-display":"","ast-hfb-below-header-display":"","ast-hfb-mobile-header-display":"","site-post-title":"","ast-breadcrumbs-content":"","ast-featured-img":"","footer-sml-layout":"","ast-disable-related-posts":"","theme-transparent-header-meta":"default","adv-header-id-meta":"","stick-header-meta":"default","header-above-stick-meta":"","header-main-stick-meta":"","header-below-stick-meta":"","astra-migrate-meta-layouts":"default","ast-page-background-enabled":"default","ast-page-background-meta":{"desktop":{"background-color":"","background-image":"","background-repeat":"repeat","background-position":"center center","background-size":"auto","background-attachment":"scroll","background-type":"","background-media":"","overlay-type":"","overlay-color":"","overlay-opacity":"","overlay-gradient":""},"tablet":{"background-color":"","background-image":"","background-repeat":"repeat","background-position":"center center","background-size":"auto","background-attachment":"scroll","background-type":"","background-media":"","overlay-type":"","overlay-color":"","overlay-opacity":"","overlay-gradient":""},"mobile":{"background-color":"","background-image":"","background-repeat":"repeat","background-position":"center center","background-size":"auto","background-attachment":"scroll","background-type":"","background-media":"","overlay-type":"","overlay-color":"","overlay-opacity":"","overlay-gradient":""}},"ast-content-background-meta":{"desktop":{"background-color":"var(--ast-global-color-5)","background-image":"","background-repeat":"repeat","background-position":"center center","background-size":"auto","background-attachment":"scroll","background-type":"","background-media":"","overlay-type":"","overlay-color":"","overlay-opacity":"","overlay-gradient":""},"tablet":{"background-color":"var(--ast-global-color-5)","background-image":"","background-repeat":"repeat","background-position":"center center","background-size":"auto","background-attachment":"scroll","background-type":"","background-media":"","overlay-type":"","overlay-color":"","overlay-opacity":"","overlay-gradient":""},"mobile":{"background-color":"var(--ast-global-color-5)","background-image":"","background-repeat":"repeat","background-position":"center center","background-size":"auto","background-attachment":"scroll","background-type":"","background-media":"","overlay-type":"","overlay-color":"","overlay-opacity":"","overlay-gradient":""}},"footnotes":""},"class_list":["post-367","page","type-page","status-publish","hentry"],"_links":{"self":[{"href":"https:\/\/boostshop.ee\/en\/wp-json\/wp\/v2\/pages\/367","targetHints":{"allow":["GET"]}}],"collection":[{"href":"https:\/\/boostshop.ee\/en\/wp-json\/wp\/v2\/pages"}],"about":[{"href":"https:\/\/boostshop.ee\/en\/wp-json\/wp\/v2\/types\/page"}],"author":[{"embeddable":true,"href":"https:\/\/boostshop.ee\/en\/wp-json\/wp\/v2\/users\/1"}],"replies":[{"embeddable":true,"href":"https:\/\/boostshop.ee\/en\/wp-json\/wp\/v2\/comments?post=367"}],"version-history":[{"count":5,"href":"https:\/\/boostshop.ee\/en\/wp-json\/wp\/v2\/pages\/367\/revisions"}],"predecessor-version":[{"id":8788,"href":"https:\/\/boostshop.ee\/en\/wp-json\/wp\/v2\/pages\/367\/revisions\/8788"}],"wp:attachment":[{"href":"https:\/\/boostshop.ee\/en\/wp-json\/wp\/v2\/media?parent=367"}],"curies":[{"name":"wp","href":"https:\/\/api.w.org\/{rel}","templated":true}]}}