{"id":365,"date":"2019-12-19T19:27:57","date_gmt":"2019-12-19T19:27:57","guid":{"rendered":"https:\/\/boostshop.ee\/?page_id=365"},"modified":"2020-07-16T09:46:44","modified_gmt":"2020-07-16T09:46:44","slug":"privaatsustingimused","status":"publish","type":"page","link":"https:\/\/boostshop.ee\/en\/privaatsustingimused\/","title":{"rendered":"Privacy Terms"},"content":{"rendered":"<p>Boostshop O\u00dc on v\u00f5tnud endale kohustuse kaitsta klientide ja kasutajate privaatsust. Sellest l\u00e4htuvalt oleme koostanud k\u00e4esolevad privaatsuspoliitika p\u00f5him\u00f5tted, mis k\u00e4sitlevad kliendi andmete kogumist, kasutamist, avaldamist, edastamist ja talletamist. Meie tegevus internetis on koosk\u00f5las k\u00f5igi asjakohaste tegevuste ja vastavate Euroopa Liidu \u00f5igusaktide ja Eesti Vabariigi seadustega. Leia veidi aega ja tutvu meie privaatsusp\u00f5him\u00f5tetega.&nbsp;<br>&nbsp;<\/p>\n\n\n\n<p><strong>Isikuandmete kogumine ja kasutamine<\/strong><br><br>Isikuandmed on Sinu, kui eraisikuga konkreetselt v\u00f5i kaudselt seostatavad andmed, mida Boostshop O\u00dc kogub ja t\u00f6\u00f6tleb \u00fcksikisikuga s\u00f5lmitud lepingu t\u00e4itmiseks v\u00f5i temaga \u00fchenduse v\u00f5tmiseks ning seadustest tulenevate kohustuste t\u00e4itmiseks.<\/p>\n\n\n\n<p>P\u00fcsikliendi isikuandmete kogumine v\u00f5ib toimuda allj\u00e4rgnevatel viisidel:<br><br>\u2022 kontaktandmete (sh sinu nimi, postiaadress, telefoninumber, e-posti aadress, eelistatud kontakteerumisviis) esitamisel&nbsp; meie veebisaidil v\u00f5i mujal (n\u00e4it. kauplused);<br>\u2022 veebisaidi kasutamisel kliendi kontoinfost v\u00f5i k\u00fcpsiste (cookies) kaudu<br>\u2022 ostu v\u00f5i tellimuse sooritamisel meie poes v\u00f5i e-poes isiku kontaktandmete v\u00f5i ostueelistusi puudutavate andmete&nbsp; talletamisel&nbsp; (Boostshop O\u00dc v\u00f5ib paluda teatud veebilehe aladel vabatahtlikult esitada isikuandmeid ja personaalset informatsiooni. N\u00f5utavad isikuandmed v\u00f5ivad sisaldada nime, aadressi, postiindeksit, e-posti aadressi, telefoninumbrit ja teisi andmeid);<\/p>\n\n\n\n<p><strong>Muude andmete kogumine<\/strong><br><strong><br><\/strong>Kogume ka isikustamata andmeid \u2013 andmeid, mida ei saa otseselt \u00fche kindla isikuga siduda (sugu, vanus, keele eelistus, asukoht).<br>V\u00f5ime koguda ka andmeid klienditegevuste kohta meie veebisaidil. Need andmed koondatakse ja neid kasutatakse selleks, et saaksime klientidele edastada kasulikumat teavet ja saaksime teada, millised veebisaidi, toodete ja teenuste osad on k\u00f5ige huvipakkuvamad. Koondandmeid k\u00e4sitletakse selles privaatsuspoliitikas isikustamata andmetena.<br>\u00a0<\/p>\n\n\n\n<p><strong>Kogutud isikuandmete kasutamine ja s\u00e4ilitamine<\/strong><\/p>\n\n\n\n<p>Kogutud isikuandmete abil saame teavitada kliente Boostshop O\u00dc tooteuudistest, kampaaniatest ja tulevastest s\u00fcndmustest. Klient, kes ei soovi olla meie uudiskirjaloendis v\u00f5i saada teavitusi teda huvitada v\u00f5ivatest toodetest, saab ennast adressaatide sihtr\u00fchmast igal ajal eemaldada.\u00a0<\/p>\n\n\n\n<p>Boostshop O\u00dc  on isikuandmete vastutav t\u00f6\u00f6tleja, Boostshop O\u00dc edastab maksete teostamiseks vajalikud isikuandmed volitatud t\u00f6\u00f6tleja Maksekeskus AS-le.<\/p>\n\n\n\n<p>Kogutud isikuandmeid kasutame ka kauba kohaletoimetamiseks ning kliendi ees v\u00f5etud kohustuste t\u00e4itmiseks.&nbsp;<\/p>\n\n\n\n<p>Privaatsuspoliitika tingimustega n\u00f5ustumisel annab klient Boostshop O\u00dc-le n\u00f5usoleku enda andmete automatiseeritud t\u00f6\u00f6tlemiseks. V\u00f5id alati oma n\u00f5usoleku tagasi v\u00f5tta meie kodulehe vahendusel v\u00f5i kirjalikku taasesitamist v\u00f5imaldavas vormis avalduse tegemisega. Tagasiulatuvat j\u00f5udu avaldusel ega n\u00f5usoleku tagasiv\u00f5tmisel ei ole. Soovi korral saad kontakteeruda meiega ka e-maili teel: info@boostshop.ee.<\/p>\n\n\n\n<p>Kliendi paremaks teenindamiseks v\u00f5ib Boostshop O\u00dc avaldada teavet \u00fcksikute kasutajate kohta kolmandale osapoolele, kes osutab Boostshop O\u00dc-le teenuseid ning on lepinguga kohustunud hoidma jagatud teavet konfidentsiaalsena. Kolmandaks osapooleks on n\u00e4iteks meie partner, kelle \u00fclesanneteks on e-poes m\u00fc\u00fcdavate kaupade transport v\u00f5i muu teenuse pakkumine.&nbsp;<\/p>\n\n\n\n<p>Kliendi isikuandmeid s\u00e4ilitab Boostshop O\u00dc kuni p\u00fcsikliendilepingu l\u00f5petamiseni. Andmeid, mida Boostshop O\u00dc on kohustatud s\u00e4ilitama \u00f5igusaktidest tulenevalt (nt. raamatupidamisandmed), s\u00e4ilitab Boostshop O\u00dc \u00f5igusaktides s\u00e4testatud n\u00f5uetest l\u00e4htuvalt.&nbsp;<br>&nbsp;<\/p>\n\n\n\n<p><strong>Kogutud isikuandmete muutmine<\/strong><br><strong><br><\/strong>Kliendi tuvastamiseks ja temaga kontakteerumiseks kogutud isikuandmeid on kliendil v\u00f5imalik muuta, kui ta kontakteerub meie klienditoega e-maili kaudu: info@boostshop.ee v\u00f5i telefoninumbril +372 5333 5564.<\/p>\n\n\n\n<p>E-maili (Boostshop O\u00dc veebisaidi kasutajatunnuse) muutumisel palume meid sellest teavitada, kuna seda ei ole kliendil endal v\u00f5imalik muuta.<br>&nbsp;<\/p>\n\n\n\n<p><strong>Isikuandmete kaitse<\/strong><\/p>\n\n\n\n<p>Boostshop O\u00dc rakendab k\u00f5iki ettevaatusabin\u00f5usid (sh administratiivsed, tehnilised ja f\u00fc\u00fcsilised meetmed) kliendi isikuandmete kaitsmiseks. Juurdep\u00e4\u00e4s andmete muutmiseks ja t\u00f6\u00f6tlemiseks on ainult selleks volitatud isikutel.&nbsp;<\/p>\n\n\n\n<p>Kui kahtlustad, et Sinu isikuandmetega on toimitud vastupidiselt k\u00e4esolevas privaatsuspoliitikas kirjeldatule v\u00f5i on oht, et Sinu andmed on lekkinud v\u00f5\u00f5rastele isikutele, anna meile sellest koheselt teada. Ainult nii saame hoida potentsiaalse kahju v\u00f5imalikult v\u00e4ikesena.<\/p>\n\n\n\n<p>Kliendil on \u00f5igus n\u00f5uda oma andmete t\u00f6\u00f6tlemise l\u00f5petamist, teavet andmete kasutamise kohta ning andmete edastamist endale v\u00f5i kolmandale isikule \u00fcldkasutatavas vormingus. V\u00e4ltimaks kliendi andmete ja \u00f5iguste v\u00e4\u00e4rkasutust on taotlusi lubatud esitada \u00fcksnes vormis, kus taotleja isik on tuvastatav (digitaalselt allkirjastatud v\u00f5i esinduses isiklikult allkirjastatud). Meil on \u00f5igus sellistele taotlustele vastata 30 p\u00e4eva jooksul.&nbsp;<\/p>\n\n\n\n<p>Andmete t\u00f6\u00f6tlemise l\u00f5petamise n\u00f5uet k\u00e4sitleme p\u00fcsikliendi lepingu l\u00f5petamise avaldusena.&nbsp;<br>&nbsp;<\/p>\n\n\n\n<p><strong>Turvalisus<\/strong><br><strong><br><\/strong>K\u00f5ik Boostshop O\u00dc e-poe k\u00fclastamise ja ostude sooritamise k\u00e4igus teatavaks saanud kliendi isikuandmeid k\u00e4sitletakse kui konfidentsiaalset infot. Kr\u00fcpteeritud andmesidekanal pankadega tagab ostu sooritaja isikuandmete ja pangarekvisiitide turvalisuse.<br>\u00a0<\/p>\n\n\n\n<p><strong>Privaatsuspoliitika tingimused ja muudatused<\/strong><\/p>\n\n\n\n<p>Meie veebisaiti kasutama asudes v\u00f5i p\u00fcsikliendi avalduse t\u00e4itmisel oled k\u00e4esolevate p\u00f5him\u00f5tete ja tingimustega tutvunud ning nendega n\u00f5ustunud. J\u00e4tame endale \u00f5iguse vajadusel privaatsuspoliitika \u00fcldtingimusi muuta, teavitades sellest k\u00f5iki p\u00fcsikliente, kuid anname oma parima, et hoida meie privaatsuspoliitika ajakohase ja Sinule k\u00e4ttesaadavana meie kodulehel.<\/p>\n\n\n\n<p>Kliendi isikuandmete vastutavaks t\u00f6\u00f6tlejaks on Boostshop O\u00dc. K\u00f5igi privaatsuspoliitika v\u00f5i andmet\u00f6\u00f6tluse kohta tekkivate k\u00fcsimuste v\u00f5i muredega palume v\u00f5tta \u00fchendust aadressil info@boostshop.ee.<\/p>\n\n\n\n<p>Sul on alati \u00f5igus p\u00f6\u00f6rduda oma andmete kaitsmiseks Andmekaitse Inspektsiooni v\u00f5i kohtu poole. Andmekaitse Inspektsiooni n\u00e4ol on tegemist riikliku asutusega, mille poole on v\u00f5imalik p\u00f6\u00f6rduda ka isikuandmete kaitse teemadel konsultatsiooni v\u00f5i abi saamiseks.<\/p>","protected":false},"excerpt":{"rendered":"<p>Boostshop O\u00dc on v\u00f5tnud endale kohustuse kaitsta klientide ja kasutajate privaatsust. Sellest l\u00e4htuvalt oleme koostanud k\u00e4esolevad privaatsuspoliitika p\u00f5him\u00f5tted, mis k\u00e4sitlevad kliendi andmete kogumist, kasutamist, avaldamist, edastamist ja talletamist. Meie tegevus internetis on koosk\u00f5las k\u00f5igi asjakohaste tegevuste ja vastavate Euroopa Liidu \u00f5igusaktide ja Eesti Vabariigi seadustega. Leia veidi aega ja tutvu meie privaatsusp\u00f5him\u00f5tetega.&nbsp;&nbsp; Isikuandmete kogumine ja [&hellip;]<\/p>\n","protected":false},"author":1,"featured_media":0,"parent":0,"menu_order":0,"comment_status":"closed","ping_status":"closed","template":"","meta":{"site-sidebar-layout":"default","site-content-layout":"default","ast-site-content-layout":"default","site-content-style":"default","site-sidebar-style":"default","ast-global-header-display":"","ast-banner-title-visibility":"","ast-main-header-display":"","ast-hfb-above-header-display":"","ast-hfb-below-header-display":"","ast-hfb-mobile-header-display":"","site-post-title":"","ast-breadcrumbs-content":"","ast-featured-img":"","footer-sml-layout":"","ast-disable-related-posts":"","theme-transparent-header-meta":"default","adv-header-id-meta":"","stick-header-meta":"default","header-above-stick-meta":"","header-main-stick-meta":"","header-below-stick-meta":"","astra-migrate-meta-layouts":"default","ast-page-background-enabled":"default","ast-page-background-meta":{"desktop":{"background-color":"","background-image":"","background-repeat":"repeat","background-position":"center center","background-size":"auto","background-attachment":"scroll","background-type":"","background-media":"","overlay-type":"","overlay-color":"","overlay-opacity":"","overlay-gradient":""},"tablet":{"background-color":"","background-image":"","background-repeat":"repeat","background-position":"center center","background-size":"auto","background-attachment":"scroll","background-type":"","background-media":"","overlay-type":"","overlay-color":"","overlay-opacity":"","overlay-gradient":""},"mobile":{"background-color":"","background-image":"","background-repeat":"repeat","background-position":"center center","background-size":"auto","background-attachment":"scroll","background-type":"","background-media":"","overlay-type":"","overlay-color":"","overlay-opacity":"","overlay-gradient":""}},"ast-content-background-meta":{"desktop":{"background-color":"var(--ast-global-color-5)","background-image":"","background-repeat":"repeat","background-position":"center center","background-size":"auto","background-attachment":"scroll","background-type":"","background-media":"","overlay-type":"","overlay-color":"","overlay-opacity":"","overlay-gradient":""},"tablet":{"background-color":"var(--ast-global-color-5)","background-image":"","background-repeat":"repeat","background-position":"center center","background-size":"auto","background-attachment":"scroll","background-type":"","background-media":"","overlay-type":"","overlay-color":"","overlay-opacity":"","overlay-gradient":""},"mobile":{"background-color":"var(--ast-global-color-5)","background-image":"","background-repeat":"repeat","background-position":"center center","background-size":"auto","background-attachment":"scroll","background-type":"","background-media":"","overlay-type":"","overlay-color":"","overlay-opacity":"","overlay-gradient":""}},"footnotes":""},"class_list":["post-365","page","type-page","status-publish","hentry"],"_links":{"self":[{"href":"https:\/\/boostshop.ee\/en\/wp-json\/wp\/v2\/pages\/365","targetHints":{"allow":["GET"]}}],"collection":[{"href":"https:\/\/boostshop.ee\/en\/wp-json\/wp\/v2\/pages"}],"about":[{"href":"https:\/\/boostshop.ee\/en\/wp-json\/wp\/v2\/types\/page"}],"author":[{"embeddable":true,"href":"https:\/\/boostshop.ee\/en\/wp-json\/wp\/v2\/users\/1"}],"replies":[{"embeddable":true,"href":"https:\/\/boostshop.ee\/en\/wp-json\/wp\/v2\/comments?post=365"}],"version-history":[{"count":2,"href":"https:\/\/boostshop.ee\/en\/wp-json\/wp\/v2\/pages\/365\/revisions"}],"predecessor-version":[{"id":6105,"href":"https:\/\/boostshop.ee\/en\/wp-json\/wp\/v2\/pages\/365\/revisions\/6105"}],"wp:attachment":[{"href":"https:\/\/boostshop.ee\/en\/wp-json\/wp\/v2\/media?parent=365"}],"curies":[{"name":"wp","href":"https:\/\/api.w.org\/{rel}","templated":true}]}}